{"id":4296,"date":"2020-10-08T14:46:30","date_gmt":"2020-10-08T20:46:30","guid":{"rendered":"https:\/\/www.nhg.mx\/?page_id=4296"},"modified":"2020-11-06T13:51:30","modified_gmt":"2020-11-06T19:51:30","slug":"mlu-oct2020","status":"publish","type":"page","link":"https:\/\/www.nhg.mx\/en_gb\/mlu-oct2020\/","title":{"rendered":"MLU(old)"},"content":{"rendered":"<div class=\"wpb-content-wrapper\"><div class=\"vc_row wpb_row vc_row-fluid\"><div class=\"wpb_column vc_column_container vc_col-sm-12\"><div class=\"vc_column-inner\"><div class=\"wpb_wrapper\">\n\t<div class=\"wpb_text_column wpb_content_element\" >\n\t\t<div class=\"wpb_wrapper\">\n\t\t\t<h3>NHG LATEST DEALS<\/h3>\n\n\t\t<\/div>\n\t<\/div>\n<\/div><\/div><\/div><\/div><div class=\"vc_row wpb_row vc_row-fluid\"><div class=\"wpb_column vc_column_container vc_col-sm-3\"><div class=\"vc_column-inner\"><div class=\"wpb_wrapper\">\n\t<div  class=\"wpb_single_image wpb_content_element vc_align_left wpb_content_element\">\n\t\t\n\t\t<figure class=\"wpb_wrapper vc_figure\">\n\t\t\t<div class=\"vc_single_image-wrapper   vc_box_border_grey\"><img loading=\"lazy\" decoding=\"async\" width=\"300\" height=\"257\" src=\"https:\/\/www.nhg.mx\/wp-content\/uploads\/2020\/10\/nlt_3-300x257.png\" class=\"vc_single_image-img attachment-medium\" alt=\"\" title=\"nlt_3\" srcset=\"https:\/\/www.nhg.mx\/wp-content\/uploads\/2020\/10\/nlt_3-300x257.png 300w, https:\/\/www.nhg.mx\/wp-content\/uploads\/2020\/10\/nlt_3.png 381w\" sizes=\"auto, (max-width: 300px) 100vw, 300px\" \/><\/div>\n\t\t<\/figure>\n\t<\/div>\n<\/div><\/div><\/div><div class=\"wpb_column vc_column_container vc_col-sm-9\"><div class=\"vc_column-inner\"><div class=\"wpb_wrapper\">\n\t<div class=\"wpb_text_column wpb_content_element\" >\n\t\t<div class=\"wpb_wrapper\">\n\t\t\t<p><strong>NHG represented I&amp;D International<\/strong><\/p>\n<p><span class=\"\">NHG acted as Mexican counsel to I@D International in connection with its investment in the capital stock of Neximo Holding SAS, the controlling company of a Mexican real estate broker entity. The transaction required a highly complex and specialized corporate and regulatory due diligence, as well as several regularization acts of the Mexican company.<\/span><span class=\"\"> <a href=\"https:\/\/nhg335.lt.acemlnb.com\/Prod\/link-tracker?redirectUrl=aHR0cCUzQSUyRiUyRnd3dy5uaGcubXglMkZlbl9nYiUyRmNhc2UlMkZpbnZlc3RtZW50LWluLW5leGltby1ob2xkaW5nLXNhcyUyRg==&amp;a=25487300&amp;account=nhg335%2Eactivehosted%2Ecom&amp;email=7DQpjyH%2BiuPE2cOWeE1PJbwhiFXM54yBFEuz91KFgJ%2F5TMvjllrsmmbp2Ygl4eoC&amp;s=4998a2d5366f32a115c9fb1394acdbc3&amp;i=101A154A2A759\" target=\"_blank\" rel=\"noopener\" data-ac-default-color=\"1\">Link<\/a><\/span><\/p>\n<p><strong>Deal team<\/strong>: Partners <a href=\"https:\/\/www.nhg.mx\/en_gb\/team_member\/julian-garza-c\/\">Juli\u00e1n Garza C.<\/a>, <a href=\"https:\/\/www.nhg.mx\/en_gb\/team_member\/mns\/\">Michell Nader S.<\/a>, <a href=\"https:\/\/www.nhg.mx\/en_gb\/team_member\/adalberto-valadez-h\/\">Adalberto Valadez H<\/a>. and associates Paulina Bracamontes B, Regina Yarto and Ileana Garc\u00eda<\/p>\n\n\t\t<\/div>\n\t<\/div>\n<\/div><\/div><\/div><\/div><div class=\"vc_row wpb_row vc_row-fluid\"><div class=\"wpb_column vc_column_container vc_col-sm-3\"><div class=\"vc_column-inner\"><div class=\"wpb_wrapper\"><\/div><\/div><\/div><div class=\"wpb_column vc_column_container vc_col-sm-9\"><div class=\"vc_column-inner\"><div class=\"wpb_wrapper\">\n\t<div class=\"wpb_text_column wpb_content_element\" >\n\t\t<div class=\"wpb_wrapper\">\n\t\t\t<p><strong>NHG represented BBVA Bancomer<\/strong><\/p>\n<p><span class=\"\">NHG advised BBVA Bancomer, S.A., Instituci\u00f3n de Banca M\u00faltiple, Grupo Financiero BBVA Bancomer, Banco Nacional de Comercio Exterior, S.N.C., Instituci\u00f3n de Banca de Desarrollo and SabCapital, S.A. de C.V., SOFOM, ER as joint lenders, together with BBVA Bancomer, S.A., Instituci\u00f3n de Banca M\u00faltiple, Grupo Financiero BBVA Bancomer, as administrative and collateral agent, on a secured financing for an amount of USD$145,000,000.00 in favor of Promotora Atardeceres del Pac\u00edfico, S. de R.L. de C.V. for the construction of a hotel Dayforia by Live Aqua in Puerto Vallarta.<\/span> <a href=\"https:\/\/nhg335.lt.acemlnb.com\/Prod\/link-tracker?redirectUrl=aHR0cCUzQSUyRiUyRnd3dy5uaGcubXglMkZlbl9nYiUyRmNhc2UlMkZiYnZhLWJhbmNvbWVyLXNlY3VyZWQtZmluYW5jaW5nLWZvci1hbi1hbW91bnQtb2YtdXNkMTQ1MDAwMDAwLTAwJTJG&amp;a=25487300&amp;account=nhg335%2Eactivehosted%2Ecom&amp;email=7DQpjyH%2BiuPE2cOWeE1PJbwhiFXM54yBFEuz91KFgJ%2F5TMvjllrsmmbp2Ygl4eoC&amp;s=4998a2d5366f32a115c9fb1394acdbc3&amp;i=101A154A2A760\" target=\"_blank\" rel=\"noopener\" data-ac-default-color=\"1\">Link<\/a><\/p>\n<p><strong>Deal team<\/strong>: Partners Eduardo Villanueva, Michell Nader, associate Agust\u00edn Dartigues and law clerk Fernando Villal\u00f3n<\/p>\n\n\t\t<\/div>\n\t<\/div>\n<\/div><\/div><\/div><\/div><div class=\"vc_row wpb_row vc_row-fluid\"><div class=\"wpb_column vc_column_container vc_col-sm-12\"><div class=\"vc_column-inner\"><div class=\"wpb_wrapper\"><div class=\"vc_separator wpb_content_element vc_separator_align_center vc_sep_width_100 vc_sep_pos_align_center vc_separator_no_text vc_sep_color_grey wpb_content_element  wpb_content_element\" ><span class=\"vc_sep_holder vc_sep_holder_l\"><span class=\"vc_sep_line\"><\/span><\/span><span class=\"vc_sep_holder vc_sep_holder_r\"><span class=\"vc_sep_line\"><\/span><\/span>\n<\/div><\/div><\/div><\/div><\/div><div class=\"vc_row wpb_row vc_row-fluid\"><div class=\"wpb_column vc_column_container vc_col-sm-12\"><div class=\"vc_column-inner\"><div class=\"wpb_wrapper\">\n\t<div class=\"wpb_text_column wpb_content_element\" >\n\t\t<div class=\"wpb_wrapper\">\n\t\t\t<h3 data-line-height=\"1.4\"><span class=\"\">REGULATORY UPDATES <\/span><\/h3>\n\n\t\t<\/div>\n\t<\/div>\n\n\t<div class=\"wpb_text_column wpb_content_element\" >\n\t\t<div class=\"wpb_wrapper\">\n\t\t\t<div data-line-height=\"1.4\">\n<ul>\n<li>A) <strong>DOF<\/strong>: <a href=\"https:\/\/www.nhg.mx\/wp-content\/uploads\/2020\/10\/DOF-Septiembre-2020.pdf\">Relevant Publications in the Official Gazette of the Federation<\/a> (<em>Diario Oficial de la Federaci\u00f3n<\/em>)<\/li>\n<li>B) <strong>CONAMER<\/strong>: <a href=\"https:\/\/www.nhg.mx\/wp-content\/uploads\/2020\/10\/CONAMER-Septiembre-2020.pdf\">Relevant Drafts in the National Commission for Regulatory Improvement <\/a>(<em>Comisi\u00f3n Nacional de Mejora Regulatoria<\/em>)<\/li>\n<li>C) <strong>CONGRESO DE LA UNI\u00d3N<\/strong>: <a href=\"https:\/\/www.nhg.mx\/wp-content\/uploads\/2020\/10\/Congreso-de-la-Uni%C3%B3n-Septiembre-2020.pdf\">Relevant Bills introduced before the Mexican Congress<\/a><\/li>\n<\/ul>\n<\/div>\n\n\t\t<\/div>\n\t<\/div>\n<\/div><\/div><\/div><\/div><div class=\"vc_row wpb_row vc_row-fluid\"><div class=\"wpb_column vc_column_container vc_col-sm-12\"><div class=\"vc_column-inner\"><div class=\"wpb_wrapper\"><div class=\"vc_separator wpb_content_element vc_separator_align_center vc_sep_width_100 vc_sep_pos_align_center vc_separator_no_text vc_sep_color_grey wpb_content_element  wpb_content_element\" ><span class=\"vc_sep_holder vc_sep_holder_l\"><span class=\"vc_sep_line\"><\/span><\/span><span class=\"vc_sep_holder vc_sep_holder_r\"><span class=\"vc_sep_line\"><\/span><\/span>\n<\/div>\n\t<div class=\"wpb_text_column wpb_content_element\" >\n\t\t<div class=\"wpb_wrapper\">\n\t\t\t<h3 data-line-height=\"1.4\"><span class=\"\">NEWSLETTERS<\/span><\/h3>\n\n\t\t<\/div>\n\t<\/div>\n<\/div><\/div><\/div><\/div><div class=\"vc_row wpb_row vc_row-fluid\"><div class=\"wpb_column vc_column_container vc_col-sm-3\"><div class=\"vc_column-inner\"><div class=\"wpb_wrapper\">\n\t<div  class=\"wpb_single_image wpb_content_element vc_align_left wpb_content_element\">\n\t\t\n\t\t<figure class=\"wpb_wrapper vc_figure\">\n\t\t\t<div class=\"vc_single_image-wrapper   vc_box_border_grey\"><img loading=\"lazy\" decoding=\"async\" width=\"300\" height=\"253\" src=\"https:\/\/www.nhg.mx\/wp-content\/uploads\/2020\/10\/nlt_news-300x253.jpg\" class=\"vc_single_image-img attachment-medium\" alt=\"\" title=\"nlt_news\" srcset=\"https:\/\/www.nhg.mx\/wp-content\/uploads\/2020\/10\/nlt_news-300x253.jpg 300w, https:\/\/www.nhg.mx\/wp-content\/uploads\/2020\/10\/nlt_news.jpg 350w\" sizes=\"auto, (max-width: 300px) 100vw, 300px\" \/><\/div>\n\t\t<\/figure>\n\t<\/div>\n<\/div><\/div><\/div><div class=\"wpb_column vc_column_container vc_col-sm-9\"><div class=\"vc_column-inner\"><div class=\"wpb_wrapper\">\n\t<div class=\"wpb_text_column wpb_content_element\" >\n\t\t<div class=\"wpb_wrapper\">\n\t\t\t<div class=\"\"><strong><span class=\"\">New investment rules for Afores in the Mexican market<\/span><\/strong><\/div>\n<p><em><span class=\"\">Gunter Schwandt and Jenny Ferr\u00f3n<\/span><\/em><\/p>\n<p><span class=\"\">On September 7, the National Commission of the Retirement Savings System published amendments and additions to the general provisions on financial matters of the retirement savings systems, known as the Sole Financial Circular.<\/span> <a class=\"\" href=\"https:\/\/nhg335.lt.acemlnb.com\/Prod\/link-tracker?redirectUrl=aHR0cCUzQSUyRiUyRnd3dy5uaGcubXglMkZlbl9nYiUyRm51ZXZhcy1yZWdsYXMtZGUtaW52ZXJzaW9uLWRlLWxhcy1hZm9yZXMtZW4tZWwtbWVyY2Fkby1tZXhpY2FubyUyRg==&amp;a=25487300&amp;account=nhg335%2Eactivehosted%2Ecom&amp;email=7DQpjyH%2BiuPE2cOWeE1PJbwhiFXM54yBFEuz91KFgJ%2F5TMvjllrsmmbp2Ygl4eoC&amp;s=4998a2d5366f32a115c9fb1394acdbc3&amp;i=101A154A2A752\" target=\"_blank\" rel=\"noopener\" data-ac-default-color=\"1\"><span class=\"\">Link<\/span><\/a><\/p>\n\n\t\t<\/div>\n\t<\/div>\n<\/div><\/div><\/div><\/div><div class=\"vc_row wpb_row vc_row-fluid\"><div class=\"wpb_column vc_column_container vc_col-sm-12\"><div class=\"vc_column-inner\"><div class=\"wpb_wrapper\"><div class=\"vc_separator wpb_content_element vc_separator_align_center vc_sep_width_100 vc_sep_pos_align_center vc_separator_no_text vc_sep_color_grey wpb_content_element  wpb_content_element\" ><span class=\"vc_sep_holder vc_sep_holder_l\"><span class=\"vc_sep_line\"><\/span><\/span><span class=\"vc_sep_holder vc_sep_holder_r\"><span class=\"vc_sep_line\"><\/span><\/span>\n<\/div>\n\t<div class=\"wpb_text_column wpb_content_element\" >\n\t\t<div class=\"wpb_wrapper\">\n\t\t\t<h3 data-line-height=\"1.4\">SPECIALIZED PUBLICATIONS<\/h3>\n\n\t\t<\/div>\n\t<\/div>\n<\/div><\/div><\/div><\/div><div class=\"vc_row wpb_row vc_row-fluid\"><div class=\"wpb_column vc_column_container vc_col-sm-3\"><div class=\"vc_column-inner\"><div class=\"wpb_wrapper\">\n\t<div  class=\"wpb_single_image wpb_content_element vc_align_left wpb_content_element\">\n\t\t\n\t\t<figure class=\"wpb_wrapper vc_figure\">\n\t\t\t<div class=\"vc_single_image-wrapper   vc_box_border_grey\"><img loading=\"lazy\" decoding=\"async\" width=\"300\" height=\"257\" src=\"https:\/\/www.nhg.mx\/wp-content\/uploads\/2020\/10\/nlt_3-300x257.png\" class=\"vc_single_image-img attachment-medium\" alt=\"\" title=\"nlt_3\" srcset=\"https:\/\/www.nhg.mx\/wp-content\/uploads\/2020\/10\/nlt_3-300x257.png 300w, https:\/\/www.nhg.mx\/wp-content\/uploads\/2020\/10\/nlt_3.png 381w\" sizes=\"auto, (max-width: 300px) 100vw, 300px\" \/><\/div>\n\t\t<\/figure>\n\t<\/div>\n<\/div><\/div><\/div><div class=\"wpb_column vc_column_container vc_col-sm-9\"><div class=\"vc_column-inner\"><div class=\"wpb_wrapper\">\n\t<div class=\"wpb_text_column wpb_content_element\" >\n\t\t<div class=\"wpb_wrapper\">\n\t\t\t<p><span class=\"\"><strong>Projects and Construction Review (The Law Review 2020)<\/strong><br class=\"\" \/><em>Vanessa Franyutti and Santiago Medina<\/em><\/span><\/p>\n<p><span class=\"\">On 10 March 2020, partner Luciano P\u00e9rez participated in C3NTRO Telecom\u2019s &#8220;TECHTALK&#8221; on the developments, challenges and solutions facing the Fintech industry in Mexico. The entire recording of the event. <a href=\"https:\/\/nhg335.lt.acemlnb.com\/Prod\/link-tracker?redirectUrl=aHR0cHMlM0ElMkYlMkZ3d3cubmhnLm14JTJGZW5fZ2IlMkZ0aGUtMTB0aC1lZGl0aW9uLW9mLXRoZS1wcm9qZWN0cy1hbmQtY29uc3RydWN0aW9uLXJldmlldy0yMDIwJTJG&amp;a=25487300&amp;account=nhg335%2Eactivehosted%2Ecom&amp;email=7DQpjyH%2BiuPE2cOWeE1PJbwhiFXM54yBFEuz91KFgJ%2F5TMvjllrsmmbp2Ygl4eoC&amp;s=4998a2d5366f32a115c9fb1394acdbc3&amp;i=101A154A2A757\" target=\"_blank\" rel=\"noopener\" data-ac-default-color=\"1\">Link<\/a><\/span><\/p>\n\n\t\t<\/div>\n\t<\/div>\n\n\t<div class=\"wpb_text_column wpb_content_element\" >\n\t\t<div class=\"wpb_wrapper\">\n\t\t\t<p><strong>The Insurance and Reinsurance (The Law Review 2020)<\/strong><\/p>\n<p><em>Yves Hayaux-du-Tilly<\/em><\/p>\n<p>There have been abusive practices from certain reinsurers and markets and their advisers that have created additional tension and concerns from the Mexican market; there is also raised awareness from the cedents on the enormous risks they are facing by permitting these &#8216;fronting&#8217; arrangements that may seem to be profitable but undertake high risks. <a href=\"https:\/\/www.nhg.mx\/en_gb\/4267-2\/\">Link<\/a><\/p>\n\n\t\t<\/div>\n\t<\/div>\n<\/div><\/div><\/div><\/div><div class=\"vc_row wpb_row vc_row-fluid\"><div class=\"wpb_column vc_column_container vc_col-sm-12\"><div class=\"vc_column-inner\"><div class=\"wpb_wrapper\"><div class=\"vc_separator wpb_content_element vc_separator_align_center vc_sep_width_100 vc_sep_pos_align_center vc_separator_no_text vc_sep_color_grey wpb_content_element  wpb_content_element\" ><span class=\"vc_sep_holder vc_sep_holder_l\"><span class=\"vc_sep_line\"><\/span><\/span><span class=\"vc_sep_holder vc_sep_holder_r\"><span class=\"vc_sep_line\"><\/span><\/span>\n<\/div>\n\t<div class=\"wpb_text_column wpb_content_element\" >\n\t\t<div class=\"wpb_wrapper\">\n\t\t\t<h3 data-line-height=\"1.4\">NHG BREAKING NEWS<\/h3>\n\n\t\t<\/div>\n\t<\/div>\n<\/div><\/div><\/div><\/div><div class=\"vc_row wpb_row vc_row-fluid\"><div class=\"wpb_column vc_column_container vc_col-sm-3\"><div class=\"vc_column-inner\"><div class=\"wpb_wrapper\">\n\t<div  class=\"wpb_single_image wpb_content_element vc_align_left wpb_content_element\">\n\t\t\n\t\t<figure class=\"wpb_wrapper vc_figure\">\n\t\t\t<div class=\"vc_single_image-wrapper   vc_box_border_grey\"><img loading=\"lazy\" decoding=\"async\" width=\"257\" height=\"284\" src=\"https:\/\/www.nhg.mx\/wp-content\/uploads\/2020\/10\/nlt_2.png\" class=\"vc_single_image-img attachment-medium\" alt=\"\" title=\"nlt_2\" \/><\/div>\n\t\t<\/figure>\n\t<\/div>\n<\/div><\/div><\/div><div class=\"wpb_column vc_column_container vc_col-sm-9\"><div class=\"vc_column-inner\"><div class=\"wpb_wrapper\">\n\t<div class=\"wpb_text_column wpb_content_element\" >\n\t\t<div class=\"wpb_wrapper\">\n\t\t\t<p><span class=\"\"><strong>Chambers &amp; Partners Latin America Rankings 2021<\/strong><br class=\"\" \/><em>Nader, Hayaux &amp; Goebel<\/em><\/span><\/p>\n<p><span class=\"\">Proud to be recognized by <a class=\"\" title=\"https:\/\/nhg335.lt.acemlnb.com\/Prod\/link-tracker?redirectUrl=aHR0cHMlM0ElMkYlMkZ3d3cubGlua2VkaW4uY29tJTJGY29tcGFueSUyRmNoYW1iZXJzLWFuZC1wYXJ0bmVycyUyRg==&amp;a=25487300&amp;account=nhg335%2Eactivehosted%2Ecom&amp;email=7DQpjyH%2BiuPE2cOWeE1PJbwhiFXM54yBFEuz91KFgJ%2F5TMvjllrsmmbp2Ygl4eoC&amp;s=4998a2d5366f32a115c9fb1394acdbc3&amp;i=101A154A2A755\" href=\"https:\/\/nhg335.lt.acemlnb.com\/Prod\/link-tracker?redirectUrl=aHR0cHMlM0ElMkYlMkZ3d3cubGlua2VkaW4uY29tJTJGY29tcGFueSUyRmNoYW1iZXJzLWFuZC1wYXJ0bmVycyUyRg==&amp;a=25487300&amp;account=nhg335%2Eactivehosted%2Ecom&amp;email=7DQpjyH%2BiuPE2cOWeE1PJbwhiFXM54yBFEuz91KFgJ%2F5TMvjllrsmmbp2Ygl4eoC&amp;s=4998a2d5366f32a115c9fb1394acdbc3&amp;i=101A154A2A755\" target=\"_blank\" rel=\"noopener\" data-attribute-index=\"0\" data-entity-hovercard-id=\"urn:li:fs_miniCompany:34215\" data-entity-type=\"MINI_COMPANY\">Chambers and Partners<\/a> LATAM 2021 rankings. We are excited to share that we maintain six of our core practices in Band 1, and that we have 25 individual rankings, including six acknowledged as Individual Star or Band 1. <a class=\"\" href=\"https:\/\/nhg335.lt.acemlnb.com\/Prod\/link-tracker?redirectUrl=aHR0cHMlM0ElMkYlMkZjaGFtYmVycy5jb20lMkZsYXctZmlybSUyRm5hZGVyLWhheWF1eC15LWdvZWJlbC1zYy1sYXRpbi1hbWVyaWNhLTklM0EzNTc5MDQ=&amp;a=25487300&amp;account=nhg335%2Eactivehosted%2Ecom&amp;email=7DQpjyH%2BiuPE2cOWeE1PJbwhiFXM54yBFEuz91KFgJ%2F5TMvjllrsmmbp2Ygl4eoC&amp;s=4998a2d5366f32a115c9fb1394acdbc3&amp;i=101A154A2A756\" target=\"_blank\" rel=\"noopener\">Link<\/a><\/span><\/p>\n\n\t\t<\/div>\n\t<\/div>\n\n\t<div class=\"wpb_text_column wpb_content_element\" >\n\t\t<div class=\"wpb_wrapper\">\n\t\t\t<p><span class=\"\"><strong>Webinar &#8220;New investment rules of the Afores and their impact on the Mexican market&#8221;<\/strong><br class=\"\" \/><em>Mar\u00eda Ariza, Eduardo Turner, Bernardo Gonz\u00e1lez and Michell Nader<\/em><\/span><\/p>\n<p><span class=\"\">An excellent panel with Mar\u00eda Ariza, CEO of BIVA MX, Bernardo Gonz\u00e1lez Rosas, President of Amafore, Eduardo Turner Gonzalez, VP Investment Banking at Credit Suisse, and our partner Michell Nader where they analyzed the modifications to the investment rules of the Afores. <a class=\"\" title=\"https:\/\/nhg335.lt.acemlnb.com\/Prod\/link-tracker?redirectUrl=aHR0cCUzQSUyRiUyRnd3dy5uaGcubXglMkZlbl9nYiUyRm51ZXZhcy1yZWdsYXMtZGUtaW52ZXJzaW9uLWRlLWxhcy1hZm9yZXMtZW4tZWwtbWVyY2Fkby1tZXhpY2FubyUyRg==&amp;a=25487300&amp;account=nhg335%2Eactivehosted%2Ecom&amp;email=7DQpjyH%2BiuPE2cOWeE1PJbwhiFXM54yBFEuz91KFgJ%2F5TMvjllrsmmbp2Ygl4eoC&amp;s=4998a2d5366f32a115c9fb1394acdbc3&amp;i=101A154A2A752\" href=\"https:\/\/nhg335.lt.acemlnb.com\/Prod\/link-tracker?redirectUrl=aHR0cCUzQSUyRiUyRnd3dy5uaGcubXglMkZlbl9nYiUyRm51ZXZhcy1yZWdsYXMtZGUtaW52ZXJzaW9uLWRlLWxhcy1hZm9yZXMtZW4tZWwtbWVyY2Fkby1tZXhpY2FubyUyRg==&amp;a=25487300&amp;account=nhg335%2Eactivehosted%2Ecom&amp;email=7DQpjyH%2BiuPE2cOWeE1PJbwhiFXM54yBFEuz91KFgJ%2F5TMvjllrsmmbp2Ygl4eoC&amp;s=4998a2d5366f32a115c9fb1394acdbc3&amp;i=101A154A2A752\" target=\"_blank\" rel=\"noopener\">Link<\/a><\/span><\/p>\n\n\t\t<\/div>\n\t<\/div>\n\n\t<div class=\"wpb_text_column wpb_content_element\" >\n\t\t<div class=\"wpb_wrapper\">\n\t\t\t<p><span class=\"\"><b><span lang=\"EN-US\">LATAM Reinsurance Claim Webinar <\/span><\/b><br class=\"\" \/><em><span lang=\"EN-US\">Mattos Filho, Allende &amp; Brea and <\/span><span lang=\"EN-US\">Nader, Hayaux &amp; Goebel (Yves Hayaux-du-Tilly L. &amp; Luciano P\u00e9rez) <\/span><\/em><\/span><br class=\"\" \/><br class=\"\" \/><span class=\"\"><span lang=\"EN-US\">Mattos Filho, Allende &amp; Brea and Nader, Hayaux &amp; Goebel provided key updates on the claims reinsurance market in the main jurisdictions in Latin America, including the consequences and reaction deriving from the COVID-19 Pandemic. <\/span><\/span><\/p>\n\n\t\t<\/div>\n\t<\/div>\n<\/div><\/div><\/div><\/div>\n<\/div>","protected":false},"excerpt":{"rendered":"NHG LATEST DEALS NHG represented I&amp;D International NHG acted as Mexican counsel to I@D International in connection with its investment in the capital stock of Neximo Holding SAS, the controlling company of a Mexican real estate broker entity. The transaction required a highly complex and specialized corporate and regulatory due diligence, as well as several...<div class=\" [...]\"><a href=\"https:\/\/www.nhg.mx\/en_gb\/mlu-oct2020\/\">Read More<\/a><\/div>","protected":false},"author":9,"featured_media":4311,"parent":0,"menu_order":4,"comment_status":"closed","ping_status":"closed","template":"page-cases.php","meta":{"footnotes":""},"class_list":["post-4296","page","type-page","status-publish","has-post-thumbnail","hentry"],"acf":[],"_links":{"self":[{"href":"https:\/\/www.nhg.mx\/en_gb\/wp-json\/wp\/v2\/pages\/4296","targetHints":{"allow":["GET"]}}],"collection":[{"href":"https:\/\/www.nhg.mx\/en_gb\/wp-json\/wp\/v2\/pages"}],"about":[{"href":"https:\/\/www.nhg.mx\/en_gb\/wp-json\/wp\/v2\/types\/page"}],"author":[{"embeddable":true,"href":"https:\/\/www.nhg.mx\/en_gb\/wp-json\/wp\/v2\/users\/9"}],"replies":[{"embeddable":true,"href":"https:\/\/www.nhg.mx\/en_gb\/wp-json\/wp\/v2\/comments?post=4296"}],"version-history":[{"count":0,"href":"https:\/\/www.nhg.mx\/en_gb\/wp-json\/wp\/v2\/pages\/4296\/revisions"}],"wp:featuredmedia":[{"embeddable":true,"href":"https:\/\/www.nhg.mx\/en_gb\/wp-json\/wp\/v2\/media\/4311"}],"wp:attachment":[{"href":"https:\/\/www.nhg.mx\/en_gb\/wp-json\/wp\/v2\/media?parent=4296"}],"curies":[{"name":"wp","href":"https:\/\/api.w.org\/{rel}","templated":true}]}}