{"id":4467,"date":"2020-12-06T10:15:51","date_gmt":"2020-12-06T16:15:51","guid":{"rendered":"https:\/\/www.nhg.mx\/?page_id=4467"},"modified":"2022-04-26T15:26:50","modified_gmt":"2022-04-26T21:26:50","slug":"mlu-dec2020","status":"publish","type":"page","link":"https:\/\/www.nhg.mx\/en_gb\/mlu-dec2020\/","title":{"rendered":"Monthly Legal Update: December 2020"},"content":{"rendered":"<div class=\"wpb-content-wrapper\"><div class=\"vc_row wpb_row vc_row-fluid\"><div class=\"wpb_column vc_column_container vc_col-sm-12\"><div class=\"vc_column-inner\"><div class=\"wpb_wrapper\">\n\t<div class=\"wpb_text_column wpb_content_element\" >\n\t\t<div class=\"wpb_wrapper\">\n\t\t\t<h3>NHG LATEST DEALS<\/h3>\n\n\t\t<\/div>\n\t<\/div>\n<\/div><\/div><\/div><\/div><div class=\"vc_row wpb_row vc_row-fluid\"><div class=\"wpb_column vc_column_container vc_col-sm-3\"><div class=\"vc_column-inner\"><div class=\"wpb_wrapper\">\n\t<div  class=\"wpb_single_image wpb_content_element vc_align_left wpb_content_element\">\n\t\t\n\t\t<figure class=\"wpb_wrapper vc_figure\">\n\t\t\t<div class=\"vc_single_image-wrapper   vc_box_border_grey\"><img loading=\"lazy\" decoding=\"async\" width=\"252\" height=\"259\" src=\"https:\/\/www.nhg.mx\/wp-content\/uploads\/2020\/10\/nlt_1.png\" class=\"vc_single_image-img attachment-medium\" alt=\"\" title=\"nlt_1\" \/><\/div>\n\t\t<\/figure>\n\t<\/div>\n<\/div><\/div><\/div><div class=\"wpb_column vc_column_container vc_col-sm-9\"><div class=\"vc_column-inner\"><div class=\"wpb_wrapper\">\n\t<div class=\"wpb_text_column wpb_content_element\" >\n\t\t<div class=\"wpb_wrapper\">\n\t\t\t<p><strong>NHG represented Total Play<\/strong><\/p>\n<p><em><span class=\"\" lang=\"EN-US\">Partners <\/span><span class=\"\">Michell Nader S., Gunter Schwandt G., Ana Paula Telleria R., Adalberto Valadez H. and Adri\u00e1n L\u00f3pez G., and Associates Mario De La Portilla G., Ileana Garc\u00eda and Ulyses Casanova<\/span><\/em><\/p>\n<p><span class=\"\"><span class=\"\" lang=\"EN-US\">NHG advised Total Play<\/span><span class=\"\" lang=\"EN-US\">, p<\/span><span class=\"\" lang=\"EN-US\">rovider of triple play services in Mexico, <\/span><span class=\"\" lang=\"EN-US\">in the successful placement of <\/span><span class=\"\" lang=\"EN-US\">USD$575 million in aggregate principal amount of 7.500% senior notes due 2025 in international markets.<\/span>\u00a0<\/span><span class=\"\"><a href=\"https:\/\/www.nhg.mx\/es\/case\/nhg-advised-total-play-telecomunicaciones-s-a-de-c-v-to-placed-us575-million-senior-notes-in-the-international-markets\/\" target=\"_blank\" rel=\"noopener\" data-ac-default-color=\"1\">Link<\/a><\/span><\/p>\n\n\t\t<\/div>\n\t<\/div>\n\n\t<div class=\"wpb_text_column wpb_content_element\" >\n\t\t<div class=\"wpb_wrapper\">\n\t\t\t<p><strong>NHG represented Bancomext<\/strong><\/p>\n<p><em>Partner Eduardo Villanueva O., Associate Agustin Dartigues C. and Law Clerk Fernando Villal\u00f3n<\/em><\/p>\n<p><span class=\"\">NHG advised Pantale\u00f3n in the acquisition of Ingenio el Mante, S.A. de C.V. which owns and operates a sugar mill located in Mante, Tamaulipas.<\/span> <a href=\"https:\/\/www.nhg.mx\/es\/case\/nhg-represented-banco-nacional-de-comercio-exterior-s-n-c-institucion-de-banca-de-desarrollo\/\" target=\"_blank\" rel=\"noopener\" data-ac-default-color=\"1\">Link<\/a><\/p>\n\n\t\t<\/div>\n\t<\/div>\n<\/div><\/div><\/div><\/div><div class=\"vc_row wpb_row vc_row-fluid\"><div class=\"wpb_column vc_column_container vc_col-sm-3\"><div class=\"vc_column-inner\"><div class=\"wpb_wrapper\"><\/div><\/div><\/div><div class=\"wpb_column vc_column_container vc_col-sm-9\"><div class=\"vc_column-inner\"><div class=\"wpb_wrapper\">\n\t<div class=\"wpb_text_column wpb_content_element\" >\n\t\t<div class=\"wpb_wrapper\">\n\t\t\t<p><strong><span class=\"\">NHG represented <\/span>an international consortium<\/strong><\/p>\n<p><em>Partners Vanessa Franyutti and Alejandro Rojas, and team Federico Vergara, Eduardo Espinosa, Benjam\u00edn Torrero, Mariajos\u00e9 Raimond and Claudia Torrens<\/em><\/p>\n<p><span class=\"\">NHG advised an international consortium in the preparation and submission of a proposal, as well as the negotiation of industrial contracts for the International Public Bidding No. 30102015-002-20 for the award of a long term service contract for the integral modernization of trains, control system and tracks of Line 1 of the Collective Transport System<\/span><span class=\"\" lang=\"EN-US\">.<\/span> <a href=\"https:\/\/www.nhg.mx\/es\/case\/nhg-advised-the-international-consortium\/\" target=\"_blank\" rel=\"noopener\" data-ac-default-color=\"1\">Link<\/a><\/p>\n\n\t\t<\/div>\n\t<\/div>\n<\/div><\/div><\/div><\/div><div class=\"vc_row wpb_row vc_row-fluid\"><div class=\"wpb_column vc_column_container vc_col-sm-3\"><div class=\"vc_column-inner\"><div class=\"wpb_wrapper\"><\/div><\/div><\/div><div class=\"wpb_column vc_column_container vc_col-sm-9\"><div class=\"vc_column-inner\"><div class=\"wpb_wrapper\">\n\t<div class=\"wpb_text_column wpb_content_element\" >\n\t\t<div class=\"wpb_wrapper\">\n\t\t\t<p><strong><span class=\"\">NHG represented Sof\u00eda Salud <\/span><\/strong><\/p>\n<p><em><span class=\"\" lang=\"EN-US\">Partners Yves Hayaux-du-Tilly L., Gunter Schwandt G. and Luciano P\u00e9rez G., Associates <\/span><span class=\"\" lang=\"EN-US\">Jos\u00e9 Ra\u00fal Jasso P. and Juli\u00e1n Rodriguez T., and Law Clerks <\/span><span class=\"\">Iker Gonz\u00e1lez Luna V. and Ana Paula Silva<\/span><\/em><\/p>\n<p><span class=\"\" lang=\"EN-US\">NHG advised a group of Mexican entrepreneurs in the structuring, incorporation and operation of the insurance institution specialized in healthcare Sofia Salud in Mexico. <\/span><a href=\"https:\/\/www.nhg.mx\/es\/case\/nhg-represented-sofia-salud-mexico\/\" target=\"_blank\" rel=\"noopener\" data-ac-default-color=\"1\">Link<\/a><\/p>\n\n\t\t<\/div>\n\t<\/div>\n<\/div><\/div><\/div><\/div><div class=\"vc_row wpb_row vc_row-fluid\"><div class=\"wpb_column vc_column_container vc_col-sm-12\"><div class=\"vc_column-inner\"><div class=\"wpb_wrapper\"><div class=\"vc_separator wpb_content_element vc_separator_align_center vc_sep_width_100 vc_sep_pos_align_center vc_separator_no_text vc_sep_color_grey wpb_content_element  wpb_content_element\" ><span class=\"vc_sep_holder vc_sep_holder_l\"><span class=\"vc_sep_line\"><\/span><\/span><span class=\"vc_sep_holder vc_sep_holder_r\"><span class=\"vc_sep_line\"><\/span><\/span>\n<\/div>\n\t<div class=\"wpb_text_column wpb_content_element\" >\n\t\t<div class=\"wpb_wrapper\">\n\t\t\t<h3 data-line-height=\"1.4\"><span class=\"\">REGULATORY UPDATES<\/span><\/h3>\n\n\t\t<\/div>\n\t<\/div>\n\n\t<div class=\"wpb_text_column wpb_content_element\" >\n\t\t<div class=\"wpb_wrapper\">\n\t\t\t<ul>\n<li>A) <strong>DOF<\/strong>: <a href=\"https:\/\/www.nhg.mx\/wp-content\/uploads\/2020\/12\/A_Diciembre2020.pdf\">Relevant Publications in the Official Gazette of the Federation<\/a> (<em>Diario Oficial de la Federaci\u00f3n<\/em>)<\/li>\n<li>B) <strong>CONAMER<\/strong>: <a href=\"https:\/\/www.nhg.mx\/wp-content\/uploads\/2020\/12\/B_Diciembre2020.pdf\">Relevant Drafts in the National Commission for Regulatory Improvement <\/a>(<em>Comisi\u00f3n Nacional de Mejora Regulatoria<\/em>)<\/li>\n<li>C) <strong>CONGRESO DE LA UNI\u00d3N<\/strong>: <a href=\"https:\/\/www.nhg.mx\/wp-content\/uploads\/2020\/12\/C_Diciembre2020.pdf\">Relevant Bills introduced before the Mexican Congress<\/a><\/li>\n<\/ul>\n\n\t\t<\/div>\n\t<\/div>\n<\/div><\/div><\/div><\/div><div class=\"vc_row wpb_row vc_row-fluid\"><div class=\"wpb_column vc_column_container vc_col-sm-12\"><div class=\"vc_column-inner\"><div class=\"wpb_wrapper\"><div class=\"vc_separator wpb_content_element vc_separator_align_center vc_sep_width_100 vc_sep_pos_align_center vc_separator_no_text vc_sep_color_grey wpb_content_element  wpb_content_element\" ><span class=\"vc_sep_holder vc_sep_holder_l\"><span class=\"vc_sep_line\"><\/span><\/span><span class=\"vc_sep_holder vc_sep_holder_r\"><span class=\"vc_sep_line\"><\/span><\/span>\n<\/div>\n\t<div class=\"wpb_text_column wpb_content_element\" >\n\t\t<div class=\"wpb_wrapper\">\n\t\t\t<h3 data-line-height=\"1.4\"><span class=\"\">NEWSLETTERS<\/span><\/h3>\n\n\t\t<\/div>\n\t<\/div>\n<\/div><\/div><\/div><\/div><div class=\"vc_row wpb_row vc_row-fluid\"><div class=\"wpb_column vc_column_container vc_col-sm-3\"><div class=\"vc_column-inner\"><div class=\"wpb_wrapper\">\n\t<div  class=\"wpb_single_image wpb_content_element vc_align_left wpb_content_element\">\n\t\t\n\t\t<figure class=\"wpb_wrapper vc_figure\">\n\t\t\t<div class=\"vc_single_image-wrapper   vc_box_border_grey\"><img loading=\"lazy\" decoding=\"async\" width=\"300\" height=\"253\" src=\"https:\/\/www.nhg.mx\/wp-content\/uploads\/2020\/10\/nlt_news-300x253.jpg\" class=\"vc_single_image-img attachment-medium\" alt=\"\" title=\"nlt_news\" srcset=\"https:\/\/www.nhg.mx\/wp-content\/uploads\/2020\/10\/nlt_news-300x253.jpg 300w, https:\/\/www.nhg.mx\/wp-content\/uploads\/2020\/10\/nlt_news.jpg 350w\" sizes=\"auto, (max-width: 300px) 100vw, 300px\" \/><\/div>\n\t\t<\/figure>\n\t<\/div>\n<\/div><\/div><\/div><div class=\"wpb_column vc_column_container vc_col-sm-9\"><div class=\"vc_column-inner\"><div class=\"wpb_wrapper\">\n\t<div class=\"wpb_text_column wpb_content_element\" >\n\t\t<div class=\"wpb_wrapper\">\n\t\t\t<div class=\"\"><strong><span class=\"\">Federal Anti-Money Laundering Act\u00a0<\/span><\/strong><\/div>\n<div><em>Partners Luciano P\u00e9rez, Alejandro Mendiola and \u00c1ngel Escalante<\/em><\/div>\n<p><span class=\"\">On November 30, 2020, the &#8220;Agreement amending the general rules referred to in the Federal Anti-Money Laundering Act regarding Financial Technology Institutions&#8221; was published.\u00a0<\/span><a href=\"https:\/\/www.nhg.mx\/en_gb\/shcp-modificaciones-a-las-reglas-generales-a-las-que-se-refiere-la-lfpiorpi\/\"><span class=\"\">Link<\/span><\/a><\/p>\n\n\t\t<\/div>\n\t<\/div>\n\n\t<div class=\"wpb_text_column wpb_content_element\" >\n\t\t<div class=\"wpb_wrapper\">\n\t\t\t<div class=\"\"><strong class=\"\"><span class=\"\" lang=\"EN-US\">Antitrust Investigation on <\/span>&#8211; Supply and Distribution of Consumer Goods Market<\/strong><\/div>\n<p><em><span class=\"\">Alejandro Mendiola\u00a0<\/span><\/em><\/p>\n<p><span class=\"\"><span class=\"\" lang=\"EN-US\">On November 26, 2020, <\/span><span class=\"\" lang=\"EN-US\">COFECE informed the <\/span><span class=\"\" lang=\"EN-US\">initiation of an investigation regarding potential tied sales and raising rivals\u2019 costs conducts known as vertical restraints, in the market of supply and wholesale distribution of consumer goods, the retail marketing of such goods, and other related services<\/span>.\u00a0<\/span><a class=\"\" href=\"https:\/\/www.nhg.mx\/es\/mercado-de-abastecimiento-y-distribucion-de-bienes-de-consumo\/\" target=\"_blank\" rel=\"noopener\" data-ac-default-color=\"1\"><span class=\"\">Link<\/span><\/a><\/p>\n\n\t\t<\/div>\n\t<\/div>\n<\/div><\/div><\/div><\/div><div class=\"vc_row wpb_row vc_row-fluid\"><div class=\"wpb_column vc_column_container vc_col-sm-12\"><div class=\"vc_column-inner\"><div class=\"wpb_wrapper\"><div class=\"vc_separator wpb_content_element vc_separator_align_center vc_sep_width_100 vc_sep_pos_align_center vc_separator_no_text vc_sep_color_grey wpb_content_element  wpb_content_element\" ><span class=\"vc_sep_holder vc_sep_holder_l\"><span class=\"vc_sep_line\"><\/span><\/span><span class=\"vc_sep_holder vc_sep_holder_r\"><span class=\"vc_sep_line\"><\/span><\/span>\n<\/div>\n\t<div class=\"wpb_text_column wpb_content_element\" >\n\t\t<div class=\"wpb_wrapper\">\n\t\t\t<h3 data-line-height=\"1.4\">SPECIALIZED PUBLICATIONS<\/h3>\n\n\t\t<\/div>\n\t<\/div>\n<\/div><\/div><\/div><\/div><div class=\"vc_row wpb_row vc_row-fluid\"><div class=\"wpb_column vc_column_container vc_col-sm-3\"><div class=\"vc_column-inner\"><div class=\"wpb_wrapper\">\n\t<div  class=\"wpb_single_image wpb_content_element vc_align_left wpb_content_element\">\n\t\t\n\t\t<figure class=\"wpb_wrapper vc_figure\">\n\t\t\t<div class=\"vc_single_image-wrapper   vc_box_border_grey\"><img loading=\"lazy\" decoding=\"async\" width=\"300\" height=\"257\" src=\"https:\/\/www.nhg.mx\/wp-content\/uploads\/2020\/10\/nlt_3-300x257.png\" class=\"vc_single_image-img attachment-medium\" alt=\"\" title=\"nlt_3\" srcset=\"https:\/\/www.nhg.mx\/wp-content\/uploads\/2020\/10\/nlt_3-300x257.png 300w, https:\/\/www.nhg.mx\/wp-content\/uploads\/2020\/10\/nlt_3.png 381w\" sizes=\"auto, (max-width: 300px) 100vw, 300px\" \/><\/div>\n\t\t<\/figure>\n\t<\/div>\n<\/div><\/div><\/div><div class=\"wpb_column vc_column_container vc_col-sm-9\"><div class=\"vc_column-inner\"><div class=\"wpb_wrapper\">\n\t<div class=\"wpb_text_column wpb_content_element\" >\n\t\t<div class=\"wpb_wrapper\">\n\t\t\t<div class=\"\">\n<p><span class=\"\"><strong class=\"\">An Insolvency overview abou<\/strong><strong>t laws and regulations in the Mexican market. (Chambers and Partners)<\/strong><br class=\"\" \/><em>Partners Javier Arreola and Luciano P\u00e9rez\u00a0<\/em><\/span><\/p>\n<p><span class=\"\"><span lang=\"EN-US\">NHG contributed to Chambers &amp; Partners&#8217;, overview on the Insolvency and Restructuring market <\/span><span lang=\"EN-US\">in Mexico.<\/span>\u00a0<\/span><a href=\"https:\/\/practiceguides.chambers.com\/practice-guides\/insolvency-2020\/mexico\/trends-and-developments\"><span class=\"\">Link<\/span><\/a><\/div>\n\n\t\t<\/div>\n\t<\/div>\n<\/div><\/div><\/div><\/div><div class=\"vc_row wpb_row vc_row-fluid\"><div class=\"wpb_column vc_column_container vc_col-sm-12\"><div class=\"vc_column-inner\"><div class=\"wpb_wrapper\"><div class=\"vc_separator wpb_content_element vc_separator_align_center vc_sep_width_100 vc_sep_pos_align_center vc_separator_no_text vc_sep_color_grey wpb_content_element  wpb_content_element\" ><span class=\"vc_sep_holder vc_sep_holder_l\"><span class=\"vc_sep_line\"><\/span><\/span><span class=\"vc_sep_holder vc_sep_holder_r\"><span class=\"vc_sep_line\"><\/span><\/span>\n<\/div>\n\t<div class=\"wpb_text_column wpb_content_element\" >\n\t\t<div class=\"wpb_wrapper\">\n\t\t\t<h3 data-line-height=\"1.4\">NHG BREAKING NEWS<\/h3>\n\n\t\t<\/div>\n\t<\/div>\n<\/div><\/div><\/div><\/div><div class=\"vc_row wpb_row vc_row-fluid\"><div class=\"wpb_column vc_column_container vc_col-sm-3\"><div class=\"vc_column-inner\"><div class=\"wpb_wrapper\">\n\t<div  class=\"wpb_single_image wpb_content_element vc_align_left wpb_content_element\">\n\t\t\n\t\t<figure class=\"wpb_wrapper vc_figure\">\n\t\t\t<div class=\"vc_single_image-wrapper   vc_box_border_grey\"><img loading=\"lazy\" decoding=\"async\" width=\"257\" height=\"284\" src=\"https:\/\/www.nhg.mx\/wp-content\/uploads\/2020\/10\/nlt_2.png\" class=\"vc_single_image-img attachment-medium\" alt=\"\" title=\"nlt_2\" \/><\/div>\n\t\t<\/figure>\n\t<\/div>\n<\/div><\/div><\/div><div class=\"wpb_column vc_column_container vc_col-sm-9\"><div class=\"vc_column-inner\"><div class=\"wpb_wrapper\">\n\t<div class=\"wpb_text_column wpb_content_element\" >\n\t\t<div class=\"wpb_wrapper\">\n\t\t\t<div class=\"\">\n<p><span class=\"\"><strong>LexMex 2020<\/strong><br class=\"\" \/><em>Nader, Hayaux &amp; Goebel<\/em><\/span><\/p>\n<div class=\"\"><span class=\"\"><span class=\"\" lang=\"EN-US\">NHG is proud to <\/span><span class=\"\" lang=\"EN-US\">have <\/span><span class=\"\" lang=\"EN-US\">actively <\/span><span class=\"\" lang=\"EN-US\">participated in <\/span><span class=\"\" lang=\"EN-US\">t<\/span><span class=\"\" lang=\"EN-US\">he LEXMEX 2020 digital event<\/span><span class=\"\" lang=\"EN-US\">:\u00a0<\/span><i class=\"\"><span class=\"\" lang=\"EN-US\">&#8220;Business and Legal Challenges in light of the COVID-19 Pandemic&#8221;<\/span><\/i><span class=\"\" lang=\"EN-US\">, with <\/span><span class=\"\" lang=\"EN-US\">the participation of<\/span><span class=\"\" lang=\"EN-US\"> Partner Javier Arreola and Associate Juan Pablo S\u00e1inz.<\/span> <a href=\"https:\/\/webinar.lawsociety.org.uk\/playback\/presentation\/2.0\/playback.html?meetingId=1015514fc1e5521f358acb1cd704d30d4b01c841-1604503366792\">Download the video<\/a><br class=\"\" \/><i class=\"\"><span class=\"\" lang=\"EN-US\">&#8220;Trends in Commercial Arbitration and Litigation in Mexico and England&#8221;<\/span><\/i><span class=\"\" lang=\"EN-US\">, with the participation of Partner <strong class=\"\">Yves Hayaux<\/strong><\/span><strong class=\"\"><span class=\"\" lang=\"EN-US\">-du-Tilly<\/span><\/strong><span class=\"\" lang=\"EN-US\">.\u00a0<\/span><a href=\"https:\/\/webinar.lawsociety.org.uk\/playback\/presentation\/2.0\/playback.html?meetingId=a8638a611f3e9df577ba98fe54d3497b82cd305a-1604589960641\">Download the video<\/a><\/span><\/div>\n<\/div>\n\n\t\t<\/div>\n\t<\/div>\n\n\t<div class=\"wpb_text_column wpb_content_element\" >\n\t\t<div class=\"wpb_wrapper\">\n\t\t\t<div class=\"\">\n<p><span class=\"\"><strong class=\"\"><span class=\"\" lang=\"EN-US\">Investment Opportunities in Colombia, Mexico and Peru webinar<\/span><\/strong><br class=\"\" \/><em>Organised by Duane Morris &amp; Selvam <\/em><\/span><\/p>\n<p><span class=\"\"><span class=\"\" lang=\"EN-US\">On November 23rd, 2020, Partner Alejandro Mendiola, specialist in antitrust matters participated in the panel &#8220;Investment Opportunities in Colombia, Mexico and Peru panel&#8221;.\u00a0<\/span><\/span><\/div>\n\n\t\t<\/div>\n\t<\/div>\n\n\t<div class=\"wpb_text_column wpb_content_element\" >\n\t\t<div class=\"wpb_wrapper\">\n\t\t\t<div class=\"\">\n<p><span class=\"\"><strong>The Gender Seminar 2020<\/strong> <br class=\"\" \/><em><span class=\"\" lang=\"EN-US\">Organised by <\/span><span class=\"\" lang=\"EN-US\">Ilustre y Nacional Colegio de Abogados de Mexico, A.C.<\/span><\/em><br \/>\n<\/span><\/p>\n<p><span class=\"\" lang=\"EN-US\">The INCAM Gender Seminar Series took place from November 23 to 26, 2020. Several prominent speakers participated in the three-day seminar, including our Associate Jenny Ferr\u00f3n Coronado, who spoke at the forum &#8220;Sexism, Masculinities and the Law&#8221; about the importance of promoting gender equality and the role of corporate governance in implementing diversity policies in the practice of Law. Jenny highlighted the need to increase gender equality in the Law profession and the impact of gender roles in the creation of flexible work policies, maternity and paternity leave and in mentoring and coaching opportunities for women and men. <\/span><\/div>\n\n\t\t<\/div>\n\t<\/div>\n<\/div><\/div><\/div><\/div><div class=\"vc_row wpb_row vc_row-fluid\"><div class=\"wpb_column vc_column_container vc_col-sm-12\"><div class=\"vc_column-inner\"><div class=\"wpb_wrapper\"><div class=\"vc_separator wpb_content_element vc_separator_align_center vc_sep_width_100 vc_sep_pos_align_center vc_separator_no_text vc_sep_color_grey wpb_content_element  wpb_content_element\" ><span class=\"vc_sep_holder vc_sep_holder_l\"><span class=\"vc_sep_line\"><\/span><\/span><span class=\"vc_sep_holder vc_sep_holder_r\"><span class=\"vc_sep_line\"><\/span><\/span>\n<\/div><\/div><\/div><\/div><\/div><div class=\"vc_row wpb_row vc_row-fluid\"><div class=\"wpb_column vc_column_container vc_col-sm-6\"><div class=\"vc_column-inner\"><div class=\"wpb_wrapper\">\n\t<div  class=\"wpb_single_image wpb_content_element vc_align_center wpb_content_element\">\n\t\t\n\t\t<figure class=\"wpb_wrapper vc_figure\">\n\t\t\t<div class=\"vc_single_image-wrapper   vc_box_border_grey\"><img loading=\"lazy\" decoding=\"async\" width=\"300\" height=\"99\" src=\"https:\/\/www.nhg.mx\/wp-content\/uploads\/2020\/12\/SUBSCRIBE-BUTTON-300x99.png\" class=\"vc_single_image-img attachment-medium\" alt=\"\" title=\"SUBSCRIBE-BUTTON\" srcset=\"https:\/\/www.nhg.mx\/wp-content\/uploads\/2020\/12\/SUBSCRIBE-BUTTON-300x99.png 300w, https:\/\/www.nhg.mx\/wp-content\/uploads\/2020\/12\/SUBSCRIBE-BUTTON.png 450w\" sizes=\"auto, (max-width: 300px) 100vw, 300px\" \/><\/div>\n\t\t<\/figure>\n\t<\/div>\n<\/div><\/div><\/div><div class=\"wpb_column vc_column_container vc_col-sm-6\"><div class=\"vc_column-inner\"><div class=\"wpb_wrapper\">\n\t<div class=\"wpb_raw_code wpb_raw_html wpb_content_element\" >\n\t\t<div class=\"wpb_wrapper\">\n\t\t\t<div class=\"_form_3\"><\/div><script src=\"https:\/\/nhg335.activehosted.com\/f\/embed.php?id=3\" type=\"text\/javascript\" charset=\"utf-8\"><\/script>\n\t\t<\/div>\n\t<\/div>\n<\/div><\/div><\/div><\/div><div class=\"vc_row wpb_row vc_row-fluid\"><div class=\"wpb_column vc_column_container vc_col-sm-12\"><div class=\"vc_column-inner\"><div class=\"wpb_wrapper\"><div class=\"vc_separator wpb_content_element vc_separator_align_center vc_sep_width_100 vc_sep_pos_align_center vc_separator_no_text vc_sep_color_grey wpb_content_element  wpb_content_element\" ><span class=\"vc_sep_holder vc_sep_holder_l\"><span class=\"vc_sep_line\"><\/span><\/span><span class=\"vc_sep_holder vc_sep_holder_r\"><span class=\"vc_sep_line\"><\/span><\/span>\n<\/div><\/div><\/div><\/div><\/div><div class=\"vc_row wpb_row vc_row-fluid\"><div class=\"wpb_column vc_column_container vc_col-sm-12\"><div class=\"vc_column-inner\"><div class=\"wpb_wrapper\">\n\t<div class=\"wpb_text_column wpb_content_element\" >\n\t\t<div class=\"wpb_wrapper\">\n\t\t\t<h3>Learn more about other recent work highlights<\/h3>\n\n\t\t<\/div>\n\t<\/div>\n<\/div><\/div><\/div><\/div>\n<\/div>","protected":false},"excerpt":{"rendered":"NHG LATEST DEALS NHG represented Total Play Partners Michell Nader S., Gunter Schwandt G., Ana Paula Telleria R., Adalberto Valadez H. and Adri\u00e1n L\u00f3pez G., and Associates Mario De La Portilla G., Ileana Garc\u00eda and Ulyses Casanova NHG advised Total Play, provider of triple play services in Mexico, in the successful placement of USD$575 million...<div class=\" [...]\"><a href=\"https:\/\/www.nhg.mx\/en_gb\/mlu-dec2020\/\">Read More<\/a><\/div>","protected":false},"author":9,"featured_media":4311,"parent":0,"menu_order":0,"comment_status":"closed","ping_status":"closed","template":"page-cases.php","meta":{"footnotes":""},"class_list":["post-4467","page","type-page","status-publish","has-post-thumbnail","hentry"],"acf":[],"_links":{"self":[{"href":"https:\/\/www.nhg.mx\/en_gb\/wp-json\/wp\/v2\/pages\/4467","targetHints":{"allow":["GET"]}}],"collection":[{"href":"https:\/\/www.nhg.mx\/en_gb\/wp-json\/wp\/v2\/pages"}],"about":[{"href":"https:\/\/www.nhg.mx\/en_gb\/wp-json\/wp\/v2\/types\/page"}],"author":[{"embeddable":true,"href":"https:\/\/www.nhg.mx\/en_gb\/wp-json\/wp\/v2\/users\/9"}],"replies":[{"embeddable":true,"href":"https:\/\/www.nhg.mx\/en_gb\/wp-json\/wp\/v2\/comments?post=4467"}],"version-history":[{"count":0,"href":"https:\/\/www.nhg.mx\/en_gb\/wp-json\/wp\/v2\/pages\/4467\/revisions"}],"wp:featuredmedia":[{"embeddable":true,"href":"https:\/\/www.nhg.mx\/en_gb\/wp-json\/wp\/v2\/media\/4311"}],"wp:attachment":[{"href":"https:\/\/www.nhg.mx\/en_gb\/wp-json\/wp\/v2\/media?parent=4467"}],"curies":[{"name":"wp","href":"https:\/\/api.w.org\/{rel}","templated":true}]}}