{"id":4619,"date":"2021-02-23T19:11:11","date_gmt":"2021-02-24T01:11:11","guid":{"rendered":"https:\/\/www.nhg.mx\/?page_id=4619"},"modified":"2021-03-19T13:24:11","modified_gmt":"2021-03-19T19:24:11","slug":"sustainability-esg","status":"publish","type":"page","link":"https:\/\/www.nhg.mx\/en_gb\/about-us\/sustainability-esg\/","title":{"rendered":"Sustainability and ESG Transition"},"content":{"rendered":"<div class=\"wpb-content-wrapper\"><div class=\"vc_row wpb_row vc_row-fluid\"><div class=\"wpb_column vc_column_container vc_col-sm-12\"><div class=\"vc_column-inner\"><div class=\"wpb_wrapper\">\n\t<div class=\"wpb_text_column wpb_content_element\" >\n\t\t<div class=\"wpb_wrapper\">\n\t\t\t<p><strong>Corporate accountability to create a better present to have a future.<\/strong><\/p>\n<p>Our purpose is being our clients\u2019 trusted advisor and that includes helping them navigate the complexities and challenges of their transition into a sustainable economy, among others, by reaching their sustainable development goals (SDGs), applying environmental, social and corporate governance (ESG) principles, as these are applied to each industry and sector in consideration to Mexico\u2019s culture, customs and applicable legal framework.<\/p>\n<p>We pride ourselves at NHG in working with collaborators, colleagues and clients that share our core values, aiming to promote with integrity and congruency sustainable businesses, committed to creating and maintaining long term relationships based on trust, reciprocal admiration and mutual respect.<\/p>\n\n\t\t<\/div>\n\t<\/div>\n\n\t<div class=\"wpb_text_column wpb_content_element\" >\n\t\t<div class=\"wpb_wrapper\">\n\t\t\t<p><strong>United Nations Global Compact<\/strong><\/p>\n<p>We are proud to be a signatory of the UN Global Compact \u2013 a United Nations initiative which represents the world\u2019s largest corporate sustainability initiative association with over 1,500 members around the world who seek to incorporate its 10 Principles into strategies, policies and procedures to establish a culture of accountability to set the world stage for long-term success.<\/p>\n<p>For more information on the UN Global Compact and its 10 Principles,<a href=\"https:\/\/www.unglobalcompact.org\/what-is-gc\/mission\/principles\"> please click here.<\/a><\/p>\n\n\t\t<\/div>\n\t<\/div>\n\n\t<div class=\"wpb_text_column wpb_content_element\" >\n\t\t<div class=\"wpb_wrapper\">\n\t\t\t<p><strong>United Nations Sustainable Development Goals (SDGs)<\/strong><\/p>\n<p>NHG has reviewed the United Nation\u2019s SDGs to determine our internal goals for sustainability and improving our way of running our practice.<\/p>\n<p>We believe we can make an impact specifically within our organization and our work with our clients with SDG 5 (gender equality) and SDG 12 (responsible consumption and production) and have pledged to constantly review and improve the way we do business.<\/p>\n<p>For more information on the SDGs, <a href=\"https:\/\/sdgs.un.org\/goals\">please click here.<\/a><\/p>\n\n\t\t<\/div>\n\t<\/div>\n<\/div><\/div><\/div><\/div>\n<p><strong>NHG -ESG en medios de comunicaci\u00f3n<\/strong><\/p>\n<p><strong>Revista Ganar Ganar<\/strong><\/p>\n<p><a href=\"https:\/\/www.nhg.mx\/wp-content\/uploads\/2021\/02\/Cambio-Clim\u00e1tico-y-Empresa-Yves-Hayaux-du-Tilly-GanarGanar2021.pdf\">Art\u00edculo Cambio Clim\u00e1tico y Empresa &#8211; Yves Hayaux du Tilly &#8211; GanarGanar2021<\/a><\/p>\n<p><strong>BNamericas 2021<\/strong><\/p>\n<p><a href=\"https:\/\/www.nhg.mx\/wp-content\/uploads\/2021\/02\/BNamericas-_Si-no-cambiamos-nuestro-presente-no-habra\u0301-futuro_Yves-Hayaux-du-Tilly.pdf\">BNamericas &#8211; _Si no cambiamos nuestro presente, no habra\u0301 futuro_Yves Hayaux du Tilly<\/a><\/p>\n<p><a href=\"https:\/\/www.nhg.mx\/wp-content\/uploads\/2021\/02\/BNamericas-If-we-don\u2019t-change-our-present-there-won\u2019t-be-any-future-Yves-Hayaux-du-Tilly.pdf\">BNamericas &#8211; &#8216;If we don\u2019t change our present, there won\u2019t be any future&#8217; Yves Hayaux du Tilly<\/a><\/p>\n<p>&nbsp;<\/p>\n<\/div>","protected":false},"excerpt":{"rendered":"<p>NHG -ESG en medios de comunicaci\u00f3n Revista Ganar Ganar Art\u00edculo Cambio Clim\u00e1tico y Empresa &#8211; Yves Hayaux du Tilly &#8211; GanarGanar2021 BNamericas 2021 BNamericas &#8211; _Si no cambiamos nuestro presente, no habra\u0301 futuro_Yves Hayaux du Tilly BNamericas &#8211; &#8216;If we don\u2019t change our present, there won\u2019t be any future&#8217; Yves Hayaux du Tilly &nbsp;<\/p>\n","protected":false},"author":11,"featured_media":4534,"parent":383,"menu_order":15,"comment_status":"closed","ping_status":"closed","template":"","meta":{"footnotes":""},"class_list":["post-4619","page","type-page","status-publish","has-post-thumbnail","hentry"],"acf":[],"_links":{"self":[{"href":"https:\/\/www.nhg.mx\/en_gb\/wp-json\/wp\/v2\/pages\/4619","targetHints":{"allow":["GET"]}}],"collection":[{"href":"https:\/\/www.nhg.mx\/en_gb\/wp-json\/wp\/v2\/pages"}],"about":[{"href":"https:\/\/www.nhg.mx\/en_gb\/wp-json\/wp\/v2\/types\/page"}],"author":[{"embeddable":true,"href":"https:\/\/www.nhg.mx\/en_gb\/wp-json\/wp\/v2\/users\/11"}],"replies":[{"embeddable":true,"href":"https:\/\/www.nhg.mx\/en_gb\/wp-json\/wp\/v2\/comments?post=4619"}],"version-history":[{"count":0,"href":"https:\/\/www.nhg.mx\/en_gb\/wp-json\/wp\/v2\/pages\/4619\/revisions"}],"up":[{"embeddable":true,"href":"https:\/\/www.nhg.mx\/en_gb\/wp-json\/wp\/v2\/pages\/383"}],"wp:featuredmedia":[{"embeddable":true,"href":"https:\/\/www.nhg.mx\/en_gb\/wp-json\/wp\/v2\/media\/4534"}],"wp:attachment":[{"href":"https:\/\/www.nhg.mx\/en_gb\/wp-json\/wp\/v2\/media?parent=4619"}],"curies":[{"name":"wp","href":"https:\/\/api.w.org\/{rel}","templated":true}]}}