{"id":17135,"date":"2024-09-10T19:27:33","date_gmt":"2024-09-11T01:27:33","guid":{"rendered":"https:\/\/www.nhg.mx\/?page_id=17135"},"modified":"2025-08-01T12:38:57","modified_gmt":"2025-08-01T18:38:57","slug":"environment","status":"publish","type":"page","link":"https:\/\/www.nhg.mx\/es\/services\/environment\/","title":{"rendered":"Ambiental y Recursos H\u00eddricos"},"content":{"rendered":"<div class=\"wpb-content-wrapper\"><div class=\"vc_row wpb_row vc_row-fluid\"><div class=\"wpb_column vc_column_container vc_col-sm-12\"><div class=\"vc_column-inner\"><div class=\"wpb_wrapper\">\n\t<div class=\"wpb_text_column wpb_content_element\" >\n\t\t<div class=\"wpb_wrapper\">\n\t\t\t<h3>PR\u00c1CTICA DE MEDIO AMBIENTE Y RECURSOS H\u00cdDRICOS<\/h3>\n<p style=\"text-align: justify;\">Nuestro grupo de pr\u00e1ctica de Medio Ambiente y Recursos H\u00eddricos est\u00e1 formado por un equipo de profesionales altamente calificados y con vasta experiencia en una amplia gama de asuntos medioambientales, incluyendo ordenamientos ecol\u00f3gicos, impacto ambiental, regulaci\u00f3n sobre sustancias peligrosas y organismos gen\u00e9ticamente modificados (OGM), especies en peligro de extinci\u00f3n y protecci\u00f3n de la vida silvestre, ocupaci\u00f3n de la zona federal mar\u00edtimo terrestre y otros inmuebles bajo el r\u00e9gimen de domino p\u00fablico, emisiones a la atm\u00f3sfera, descarbonizaci\u00f3n y cambio clim\u00e1tico, manejo y reciclaje de residuos, remediaci\u00f3n y compensaci\u00f3n por contaminaci\u00f3n de sitios y, en general, la gesti\u00f3n de responsabilidad por da\u00f1os ambientales.<\/p>\n<p>Asimismo, contamos con conocimientos especializados \u00fanicos en el mercado en normativa, re\u00faso y pol\u00edticas p\u00fablicas del sector h\u00eddrico.<\/p>\n<blockquote class=\"floated\">\n<div class=\"ql-block\" data-block-id=\"block-ac9df061-3a19-419e-acdb-05d70e462312\">&#8220;Nader Hayaux &amp; Goebel are pragmatic in their analyses and provide accurate and specific advice when it comes to complex energy projects.&#8221;<\/div>\n<div class=\"ql-block\" data-block-id=\"block-fc5eefaf-8b0a-4dc9-942d-f1e77dfb3b9d\"><strong>Chambers &amp; Partners 2025<\/strong><\/div>\n<\/blockquote>\n<p>Proporcionamos asesor\u00eda jur\u00eddica personalizada y de liderazgo en el sector ambiental, basada en un profundo conocimiento de los retos y riesgos jur\u00eddicos espec\u00edficos a los que se enfrentan nuestros clientes. Nuestro enfoque, centrado en el cliente, pone especial atenci\u00f3n al detalle y en el entendimiento de las necesidades espec\u00edficas en diversos contextos como: financiamiento de proyectos, fusiones y adquisiciones, mercado de capitales, licitaciones, sector inmobiliario, entre otros. Prestamos servicios a una amplia gama de industrias y sectores, particularmente a grandes usuarios de agua y a proyectos complejos en el requerimiento de permisos medioambientales, energ\u00e9ticos, sociales y regulatorios en general.<\/p>\n<p>Apoyamos y guiamos a nuestros clientes en la comprensi\u00f3n de iniciativas de leyes, de reformas legislativas y de cambios en las pol\u00edticas p\u00fablicas, as\u00ed como de las complejidades del marco jur\u00eddico ambiental mexicano que involucra a autoridades y legislaci\u00f3n municipal, estatal y federal.<\/p>\n<p>Ayudamos a nuestros clientes a cumplir con las leyes aplicables y, cuando es posible, a superar los est\u00e1ndares m\u00ednimos para obtener una ventaja competitiva. Adicionalmente, brindamos asesor\u00eda para navegar por los intricados retos y oportunidades que presentan los avances tecnol\u00f3gicos en el monitoreo ambiental, la detecci\u00f3n de contaminantes emergentes y las acciones de remediaci\u00f3n.<\/p>\n<p>Nuestra pr\u00e1ctica se basa en la comunicaci\u00f3n abierta con clientes y contrapartes, garantizando que las discusiones y negociaciones se centren en las cuestiones m\u00e1s cr\u00edticas. Reconociendo que cada proyecto, desarrollo y operaci\u00f3n es \u00fanico, ofrecemos v\u00edas y soluciones innovadoras para la obtenci\u00f3n de permisos, el cumplimiento de plazos y para alcanzar hitos clave. Agregamos valor mediante la integraci\u00f3n de sinergias con otros de grupos de pr\u00e1ctica de nuestra Firma como los de energ\u00eda y fiscal, lo que nos permite prestar servicios integrales.\n\nDesempe\u00f1amos un papel fundamental en el asesoramiento a grupos de pol\u00edtica p\u00fablica, aprovechando nuestro profundo conocimiento de la ley y los retos pr\u00e1cticos de su aplicaci\u00f3n.\n\nNos enorgullece contribuir en el Grupo de Trabajo de Sostenibilidad y Transici\u00f3n ESG de NHG, promoviendo pr\u00e1cticas empresariales sostenibles con integridad y coherencia.<\/p>\n\n\t\t<\/div>\n\t<\/div>\n<h3 style=\"text-align: left\" class=\"vc_custom_heading vc_do_custom_heading page-title\" >Operaciones Recientes<\/h3>\n\t<div class=\"wpb_text_column wpb_content_element\" >\n\t\t<div class=\"wpb_wrapper\">\n\t\t\t<ul>\n<li>Asesoramos a una importante empresa de bebidas en un exhaustivo proceso de auditor\u00eda legal h\u00eddrica. Este trabajo incluy\u00f3 el asesoramiento en el cumplimiento normativo, la protecci\u00f3n de derechos de agua cr\u00edticos y necesarios para sus prospectivas de producci\u00f3n, y para la identificaci\u00f3n de oportunidades de beneficios administrativos y fiscales. Seguimos colaborando en la implementaci\u00f3n de las medidas recomendadas.<\/li>\n<li>Desempe\u00f1amos un papel clave en el asesoramiento de un cr\u00e9dito sindicado por 13 instituciones financieras de EUA$2,500 millones, regido por la legislaci\u00f3n de Nueva York, para Energ\u00eda Mayakan (filial del Grupo ENGIE). El financiamiento apoya el desarrollo de un gasoducto de 694 kil\u00f3metros que se integrar\u00e1 con el gasoducto existente de Mayakan. Nuestro equipo ambiental desempe\u00f1\u00f3 un papel decisivo en el proceso de auditor\u00eda y en la negociaci\u00f3n de cl\u00e1usulas medioambientales clave.<\/li>\n<li>Colaboramos en el asesoramiento para la adquisici\u00f3n de una participaci\u00f3n en una empresa de producci\u00f3n de hielo, aportando una perspectiva legal ambiental relevante a la operaci\u00f3n.<\/li>\n<li>Asesoramos a una empresa farmac\u00e9utica respecto de nuevos impuestos ecol\u00f3gicos en su jurisdicci\u00f3n, incluyendo la exploraci\u00f3n de alternativas y recursos legales disponibles.<\/li>\n<li>Actualmente asesoramos a una empresa l\u00edder del sector de alimentos sobre diversos aspectos medioambientales de sus operaciones y ampliaciones, con especial atenci\u00f3n en temas de gesti\u00f3n y cumplimiento de la legislaci\u00f3n en materia de agua.<\/li>\n<\/ul>\n\n\t\t<\/div>\n\t<\/div>\n<\/div><\/div><\/div><\/div>\n<\/div>","protected":false},"excerpt":{"rendered":"ENVIRONMENT &amp; WATER RESOURCES PRACTICE GROUP Our Environment &amp; Water Resources Practice Group comprises a team of highly skilled professionals with extensive experience in a broad range of environmental matters, including ecological ordinances, environmental impact matters, hazardous substances, and GMO regulations, endangered species and wildlife protection, occupation of the federal maritime, terrestrial zone and other...<div class=\" [...]\"><a href=\"https:\/\/www.nhg.mx\/es\/services\/environment\/\">Read More<\/a><\/div>","protected":false},"author":9,"featured_media":17137,"parent":2174,"menu_order":2,"comment_status":"closed","ping_status":"closed","template":"","meta":{"footnotes":""},"class_list":["post-17135","page","type-page","status-publish","has-post-thumbnail","hentry"],"acf":[],"_links":{"self":[{"href":"https:\/\/www.nhg.mx\/es\/wp-json\/wp\/v2\/pages\/17135","targetHints":{"allow":["GET"]}}],"collection":[{"href":"https:\/\/www.nhg.mx\/es\/wp-json\/wp\/v2\/pages"}],"about":[{"href":"https:\/\/www.nhg.mx\/es\/wp-json\/wp\/v2\/types\/page"}],"author":[{"embeddable":true,"href":"https:\/\/www.nhg.mx\/es\/wp-json\/wp\/v2\/users\/9"}],"replies":[{"embeddable":true,"href":"https:\/\/www.nhg.mx\/es\/wp-json\/wp\/v2\/comments?post=17135"}],"version-history":[{"count":2,"href":"https:\/\/www.nhg.mx\/es\/wp-json\/wp\/v2\/pages\/17135\/revisions"}],"predecessor-version":[{"id":18181,"href":"https:\/\/www.nhg.mx\/es\/wp-json\/wp\/v2\/pages\/17135\/revisions\/18181"}],"up":[{"embeddable":true,"href":"https:\/\/www.nhg.mx\/es\/wp-json\/wp\/v2\/pages\/2174"}],"wp:featuredmedia":[{"embeddable":true,"href":"https:\/\/www.nhg.mx\/es\/wp-json\/wp\/v2\/media\/17137"}],"wp:attachment":[{"href":"https:\/\/www.nhg.mx\/es\/wp-json\/wp\/v2\/media?parent=17135"}],"curies":[{"name":"wp","href":"https:\/\/api.w.org\/{rel}","templated":true}]}}