{"id":18570,"date":"2025-11-11T15:18:43","date_gmt":"2025-11-11T21:18:43","guid":{"rendered":"https:\/\/www.nhg.mx\/?page_id=18570"},"modified":"2025-11-14T11:19:05","modified_gmt":"2025-11-14T17:19:05","slug":"data-privacy","status":"publish","type":"page","link":"https:\/\/www.nhg.mx\/es\/services\/data-privacy\/","title":{"rendered":"Privacidad de datos"},"content":{"rendered":"<div class=\"wpb-content-wrapper\"><div class=\"vc_row wpb_row vc_row-fluid\"><div class=\"wpb_column vc_column_container vc_col-sm-12\"><div class=\"vc_column-inner\"><div class=\"wpb_wrapper\">\n\t<div class=\"wpb_text_column wpb_content_element\" >\n\t\t<div class=\"wpb_wrapper\">\n\t\t\t<p class=\" translation-block\"><b>Nuestra Pr\u00e1ctica de Privacidad de Datos y Ciberseguridad<\/b><\/p>\n<p>En nuestra pr\u00e1ctica de privacidad de datos y ciberseguridad asesora a empresas mexicanas y extranjeras, tanto reguladas como no reguladas, en el cumplimiento de la regulaci\u00f3n mexicana de protecci\u00f3n de datos y el secreto financiero. Brindamos orientaci\u00f3n para prevenir, identificar y gestionar los riesgos de privacidad de datos y ciberseguridad, con el fin de mitigar las responsabilidades y contingencias que de ellos se deriven.<\/p>\n<p>Nuestra pr\u00e1ctica se distingue por su amplia experiencia en temas internacionales y transfronterizos de protecci\u00f3n de datos personales, secreto financiero y ciberseguridad, incluyendo la implementaci\u00f3n en M\u00e9xico de regulaciones extranjeras como el Reglamento General de Protecci\u00f3n de Datos (GDPR), y la adaptaci\u00f3n de estrategias conforme a los requisitos estrictos y cambiantes en materia de protecci\u00f3n de datos personales a nivel global.<\/p>\n<p>En materia de protecci\u00f3n de datos personales, nuestros servicios incluyen:<\/p>\n<ol>\n<li class=\" translation-block\"><b> <\/b><b>Cumplimiento Normativo.<\/b> Nuestros abogados asesoran para asegurar el cumplimiento del marco regulatorio para la protecci\u00f3n de datos personales en M\u00e9xico, ayudando a los clientes a entender y navegar el marco legal aplicable.<\/li>\n<li class=\" translation-block\"><b> Elaboraci\u00f3n de Avisos de Privacidad y Pol\u00edticas de Protecci\u00f3n<\/b>. Nuestros abogados asesoran en la elaboraci\u00f3n de avisos de privacidad y en la preparaci\u00f3n de pol\u00edticas de protecci\u00f3n de datos personales adaptadas a las operaciones de cada cliente.<\/li>\n<li class=\" translation-block\"><b>Datos Sensibles y Biom\u00e9tricos<\/b>. Nuestros abogados brindan orientaci\u00f3n experta sobre la clasificaci\u00f3n y el manejo adecuado de datos sensibles y biom\u00e9tricos, dise\u00f1ando las estructuras correctas para obtener el consentimiento para procesar dicha informaci\u00f3n en estructuras complejas.<\/li>\n<li class=\" translation-block\"><b> Secreto Financiero<\/b>. Nuestros abogados asesoran a entidades reguladas sobre el mantenimiento del cumplimiento de las regulaciones de secreto financiero, garantizando la confidencialidad de las transacciones y datos financieros.<\/li>\n<li class=\" translation-block\"><b>Secreto Financiero<\/b>. Nuestros abogados asesoran a entidades reguladas sobre el mantenimiento del cumplimiento de las regulaciones de secreto financiero, garantizando la confidencialidad de las transacciones y datos financieros.<\/li>\n<\/ol>\n<p>En materia de ciberseguridad, nuestros abogados asesoran en:<\/p>\n<p class=\" translation-block\">1.<b> Desarrollo e Implementaci\u00f3n de Pol\u00edticas de Ciberseguridad<\/b>. Nuestros abogados gu\u00edan a los clientes en la creaci\u00f3n e implementaci\u00f3n de pol\u00edticas integrales de ciberseguridad, incluyendo planes de respuesta a incidentes dise\u00f1ados espec\u00edficamente para sus riesgos \u00fanicos y necesidades operativas.<\/p>\n<p class=\" translation-block\">2.<b> Gesti\u00f3n de Incidentes de Seguridad y Cumplimiento de la Notificaci\u00f3n<\/b>. Nuestro equipo apoya a los clientes en la gesti\u00f3n de incidentes de seguridad, asegurando el cumplimiento de la normativa mexicana de privacidad de datos, incluida la notificaci\u00f3n oportuna de incidentes y la redacci\u00f3n de los formatos de documentaci\u00f3n correspondientes.<\/p>\n<p>Los abogados que integran nuestra pr\u00e1ctica de protecci\u00f3n de datos y ciberseguridad cuentan con diferentes especializaciones, lo que permite una colaboraci\u00f3n multidisciplinaria entre \u00e1reas para beneficio de nuestros clientes. Nuestro equipo est\u00e1 conformado por dos socios y tres asociados provenientes de diversas pr\u00e1cticas, lo que nos permite ofrecer un enfoque integral en la atenci\u00f3n de necesidades complejas en protecci\u00f3n de datos personales y ciberseguridad.<\/p>\n<p><b>Experiencia reciente<\/b><\/p>\n<p>Entre las transacciones representativas recientes en las que ha participado la Firma se incluyen las siguientes:<\/p>\n<p><b>Asesor\u00eda y Cumplimiento Normativo<\/b><\/p>\n<ul>\n<li>Asesoramos a una compa\u00f1\u00eda internacional de videojuegos para que cumpliera con sus obligaciones de privacidad de datos y llevamos a cabo un an\u00e1lisis de la implementaci\u00f3n del GDPR dentro de sus actividades de procesamiento de datos.<\/li>\n<li>Asesoramos a una compa\u00f1\u00eda de seguros en la elaboraci\u00f3n de un aviso de privacidad para cumplir con la normativa mexicana de protecci\u00f3n de datos, asegurando que los datos personales de los proveedores se gestionen en cumplimiento con los est\u00e1ndares mexicanos.<\/li>\n<li>Asesoramos a una compa\u00f1\u00eda de seguros internacional en la implementaci\u00f3n de una estrategia integrada de cumplimiento y gesti\u00f3n de riesgos, con enfoque en la protecci\u00f3n de datos para salvaguardar contra sanciones regulatorias.<\/li>\n<li>Asesoramos a una de las compa\u00f1\u00edas de comercio electr\u00f3nico m\u00e1s grandes en el cumplimiento de la normativa mexicana de protecci\u00f3n de datos relativa al uso de datos biom\u00e9tricos, incluyendo la redacci\u00f3n de los documentos necesarios y la adaptaci\u00f3n del Aviso de Privacidad para asegurar la obtenci\u00f3n del consentimiento adecuado para el tratamiento de datos biom\u00e9tricos.<\/li>\n<\/ul>\n<p><b>Auditor\u00eda Legal y Capacitaci\u00f3n<\/b><\/p>\n<ul>\n<li>Realizamos una auditor\u00eda legal en materia de protecci\u00f3n de datos y secreto financiero a un agente de seguros de un importante grupo automotriz, proporcionando recomendaciones para el cumplimiento de la regulaci\u00f3n mexicana en protecci\u00f3n de datos personales y secreto financiero bajo la regulaci\u00f3n aplicable al sector asegurador.<\/li>\n<li>Ofrecemos de manera recurrente capacitaciones a empresas y a su personal sobre protecci\u00f3n de datos personales y cumplimiento de pol\u00edticas internas y regulaci\u00f3n aplicable.<\/li>\n<\/ul>\n<p class=\" translation-block\"><b>Incidentes de Ciberseguridad<\/b><\/p>\n<ul>\n<li>Asesoramos a una empresa l\u00edder mundial en innovaci\u00f3n tecnol\u00f3gica en el an\u00e1lisis de las implicaciones y el cumplimiento de las obligaciones en materia de protecci\u00f3n de datos personales en M\u00e9xico, derivadas de un incidente de seguridad ocurrido en el extranjero que involucr\u00f3 datos personales de individuos mexicanos.<\/li>\n<li>Nuestros servicios incluyeron la elaboraci\u00f3n de protocolos para mitigar el incidente, as\u00ed como la redacci\u00f3n de los avisos dirigidos a los titulares de los datos afectados.<\/li>\n<li>Asesoramos a una instituci\u00f3n de seguros mexicana, perteneciente a un grupo internacional, en la gesti\u00f3n de un incidente de seguridad, incluyendo la redacci\u00f3n de avisos y documentaci\u00f3n de respaldo conforme a la regulaci\u00f3n mexicana de protecci\u00f3n de datos personales.<\/li>\n<\/ul>\n\n\t\t<\/div>\n\t<\/div>\n<\/div><\/div><\/div><\/div><div class=\"vc_row wpb_row vc_row-fluid\"><div class=\"wpb_column vc_column_container vc_col-sm-12\"><div class=\"vc_column-inner\"><div class=\"wpb_wrapper\"><h3 style=\"text-align: left\" class=\"vc_custom_heading vc_do_custom_heading page-title\" >Proyectos destacados<\/h3>\n<div class=\"vc_grid-container-wrapper vc_clearfix vc_grid-animation-zoomIn\">\n\t<div class=\"vc_grid-container vc_clearfix wpb_content_element vc_masonry_grid page-title\" data-initial-loading-animation=\"zoomIn\" data-vc-grid-settings=\"{&quot;page_id&quot;:18570,&quot;style&quot;:&quot;all-masonry&quot;,&quot;action&quot;:&quot;vc_get_vc_grid_data&quot;,&quot;shortcode_id&quot;:&quot;1763140674297-f1c83fb7-8fb2-8&quot;,&quot;tag&quot;:&quot;vc_masonry_grid&quot;}\" data-vc-request=\"https:\/\/www.nhg.mx\/wp-admin\/admin-ajax.php\" data-vc-post-id=\"18570\" data-vc-public-nonce=\"49107e1f4b\">\n\t\t\n\t<\/div>\n<\/div><\/div><\/div><\/div><\/div>\n<\/div>","protected":false},"excerpt":{"rendered":"Our Data Privacy &amp; Cybersecurity Practice Our data privacy and cybersecurity practice advises Mexican and foreign companies, both regulated and non-regulated, on compliance with the Mexican data protection regulation and financial secrecy. We provide guidance on preventing, identifying, and managing data privacy and cybersecurity risks to mitigate liabilities and contingencies arising therefrom. Our practice stands-out...<div class=\" [...]\"><a href=\"https:\/\/www.nhg.mx\/es\/services\/data-privacy\/\">Read More<\/a><\/div>","protected":false},"author":9,"featured_media":18573,"parent":2174,"menu_order":2,"comment_status":"closed","ping_status":"closed","template":"","meta":{"footnotes":""},"class_list":["post-18570","page","type-page","status-publish","has-post-thumbnail","hentry"],"acf":[],"_links":{"self":[{"href":"https:\/\/www.nhg.mx\/es\/wp-json\/wp\/v2\/pages\/18570","targetHints":{"allow":["GET"]}}],"collection":[{"href":"https:\/\/www.nhg.mx\/es\/wp-json\/wp\/v2\/pages"}],"about":[{"href":"https:\/\/www.nhg.mx\/es\/wp-json\/wp\/v2\/types\/page"}],"author":[{"embeddable":true,"href":"https:\/\/www.nhg.mx\/es\/wp-json\/wp\/v2\/users\/9"}],"replies":[{"embeddable":true,"href":"https:\/\/www.nhg.mx\/es\/wp-json\/wp\/v2\/comments?post=18570"}],"version-history":[{"count":8,"href":"https:\/\/www.nhg.mx\/es\/wp-json\/wp\/v2\/pages\/18570\/revisions"}],"predecessor-version":[{"id":18590,"href":"https:\/\/www.nhg.mx\/es\/wp-json\/wp\/v2\/pages\/18570\/revisions\/18590"}],"up":[{"embeddable":true,"href":"https:\/\/www.nhg.mx\/es\/wp-json\/wp\/v2\/pages\/2174"}],"wp:featuredmedia":[{"embeddable":true,"href":"https:\/\/www.nhg.mx\/es\/wp-json\/wp\/v2\/media\/18573"}],"wp:attachment":[{"href":"https:\/\/www.nhg.mx\/es\/wp-json\/wp\/v2\/media?parent=18570"}],"curies":[{"name":"wp","href":"https:\/\/api.w.org\/{rel}","templated":true}]}}