{"id":18642,"date":"2025-12-11T13:17:59","date_gmt":"2025-12-11T19:17:59","guid":{"rendered":"https:\/\/www.nhg.mx\/?page_id=18642"},"modified":"2025-12-15T18:25:16","modified_gmt":"2025-12-16T00:25:16","slug":"international-trade-customs","status":"publish","type":"page","link":"https:\/\/www.nhg.mx\/es\/services\/international-trade-customs\/","title":{"rendered":"Comercio Exterior y Aduanas"},"content":{"rendered":"<div class=\"wpb-content-wrapper\"><div class=\"vc_row wpb_row vc_row-fluid\"><div class=\"wpb_column vc_column_container vc_col-sm-12\"><div class=\"vc_column-inner\"><div class=\"wpb_wrapper\">\n\t<div class=\"wpb_text_column wpb_content_element\" >\n\t\t<div class=\"wpb_wrapper\">\n\t\t\t<p>Nuestra pr\u00e1ctica de Comercio Exterior y Aduanas abarca consultor\u00eda y asesor\u00eda especializada, atenci\u00f3n de auditor\u00edas realizadas por autoridades fiscales y aduaneras, litigio, aplicaci\u00f3n de tratados de libre comercio, clasificaci\u00f3n arancelaria, programas de fomento a las exportaciones (e.g., IMMEX, CIVA PROSEC, Drawback), planeaci\u00f3n de operaciones desde el punto de vista fiscal y aduanero, y representaci\u00f3n en procedimientos de pr\u00e1cticas desleales de comercio exterior (antidumping).<\/p>\n<p>Nos caracterizamos por la protecci\u00f3n de los intereses de nuestros clientes, asegurando una posici\u00f3n competitiva favorable ante cualquier situaci\u00f3n legal de comercio exterior que enfrenten o puedan enfrentar.<\/p>\n<p>Asesoramos a toda clase de industrias y empresas, incluyendo la automotriz, acerera, farmac\u00e9utica, alimentaria, aeron\u00e1utica, electr\u00f3nica, textil, log\u00edstica y petrolera, por mencionar algunas.<\/p>\n<p>Nader, Hayaux &amp; Goebel apoya a sus clientes, tanto a nivel nacional como internacional, para identificar y estructurar mecanismos eficientes que permitan la llegada de inversi\u00f3n extranjera y aprovechar los beneficios aduanero-fiscales que otorga el gobierno federal para el fomento al comercio exterior.<\/p>\n<blockquote>\n<div class=\"ql-block\" data-block-id=\"block-a6948851-d012-4c38-a759-9ed2541f5df1\">\"Nader, Hayaux &amp; Goebel cuenta con un equipo multidisciplinario y con amplia experiencia. Son abogados muy eficientes y con amplios conocimientos.\"<\/div>\n<div class=\"ql-block\" data-block-id=\"block-5b2f454d-cd46-4e2b-8979-6c613cd9450c\"><strong>Chambers &amp; Partners, 2025<\/strong><\/div>\n<\/blockquote>\n<div data-block-id=\"block-5b2f454d-cd46-4e2b-8979-6c613cd9450c\">\n<h4>Oferta de Servicios<\/h4>\n<h6><b>CONSULTOR\u00cdA<\/b><\/h6>\n<ul>\n<li><span style=\"font-weight: 400;\">Asesoramos a empresas nacionales y extranjeras en cualquier tipo de consulta legal relacionada con sus operaciones de comercio exterior.<\/span><\/li>\n<li><span style=\"font-weight: 400;\">Apoyamos a nuestros clientes en el cumplimiento de regulaciones y restricciones no arancelarias tales como permisos previos de importaci\u00f3n o exportaci\u00f3n.<\/span><\/li>\n<li><span style=\"font-weight: 400;\">Llevamos a cabo asesor\u00edas de prevenci\u00f3n de contingencias fiscales y aduaneras.<\/span><\/li>\n<li><span style=\"font-weight: 400;\">Acompa\u00f1amos y representamos a nuestros clientes en auditor\u00edas en materia de comercio exterior llevadas a cabo por las autoridades fiscales, tales como visitas domiciliarias, revisiones de gabinete o verificaciones de origen.<\/span><\/li>\n<li><span style=\"font-weight: 400;\">Dise\u00f1amos e implementamos estrategias de importaci\u00f3n y exportaci\u00f3n.<\/span><\/li>\n<li><span style=\"font-weight: 400;\">Apoyamos en la clasificaci\u00f3n arancelaria, as\u00ed como en los registros en el padr\u00f3n de importadores y <\/span>exportadores.<\/li>\n<li><span style=\"font-weight: 400;\">Asesoramos y apoyamos en el cumplimiento relacionado con Programas de la Industria Manufacturera, Maquiladora y de Servicios de Exportaci\u00f3n (IMMEX), Programas de Promoci\u00f3n Sectorial (PROSEC), y empresas que cuentan con registro en el Esquema de Certificaci\u00f3n de Empresas, modalidad IVA-IEPS autorizado por el SAT.<\/span><\/li>\n<li><span style=\"font-weight: 400;\">Entre otras consultas que abarcan desde casos muy generales establecidos en ley, hasta casos muy espec\u00edficos que no encuentran regulaci\u00f3n en la legislaci\u00f3n vigente.<\/span><\/li>\n<\/ul>\n<h6><b>LITIGIO<\/b><\/h6>\n<ul>\n<li style=\"font-weight: 400;\" aria-level=\"2\"><span style=\"font-weight: 400;\">Representamos a empresas nacionales y extranjeras en litigios seguidos ante el Tribunal Federal de Justicia Administrativa y el Poder Judicial de la Federaci\u00f3n, en contra de actos iniciados por autoridades fiscales, aduaneras y administrativas derivado de auditor\u00edas en materia de comercio exterior. Asimismo, representamos a dichas empresas en procedimientos derivados de visitas domiciliarias, revisiones de gabinete y verificaciones de origen al amparo de los diversos Tratados de Libre Comercio de los que M\u00e9xico forma parte, incluso en contra de las negativas de devoluci\u00f3n de aranceles por parte del SAT, entre otros.<\/span><\/li>\n<li style=\"font-weight: 400;\" aria-level=\"2\"><span style=\"font-weight: 400;\">Participamos en litigios derivados de resoluciones emitidas por la Unidad de Pr\u00e1cticas Comerciales Internacionales (UPCI) de la Secretar\u00eda de Econom\u00eda, con motivo de investigaciones antidumping y de subvenciones, as\u00ed como sus correspondientes ex\u00e1menes de vigencia de cuotas compensatorias o bien, compromisos de exportaci\u00f3n.<\/span><\/li>\n<\/ul>\n<h6><b>PR\u00c1CTICAS DESLEALES (DUMPING)<\/b><\/h6>\n<ul>\n<li><span style=\"font-weight: 400;\">Asesoramos a nuestros clientes nacionales y extranjeros, como partes interesadas en los procedimientos iniciados por la Secretar\u00eda de Econom\u00eda por pr\u00e1cticas desleales de comercio internacional, y capaces de representar con \u00e9xito a la industria nacional solicitante, as\u00ed como importadores, y exportadores de los productos objeto de investigaci\u00f3n.<\/span><\/li>\n<\/ul>\n<\/div>\n\n\t\t<\/div>\n\t<\/div>\n<\/div><\/div><\/div><\/div><div class=\"vc_row wpb_row vc_row-fluid\"><div class=\"wpb_column vc_column_container vc_col-sm-12\"><div class=\"vc_column-inner\"><div class=\"wpb_wrapper\"><\/div><\/div><\/div><\/div><div class=\"vc_row wpb_row vc_row-fluid\"><div class=\"wpb_column vc_column_container vc_col-sm-12\"><div class=\"vc_column-inner\"><div class=\"wpb_wrapper\"><div class=\"vc_separator wpb_content_element vc_separator_align_center vc_sep_width_100 vc_sep_pos_align_center vc_separator_no_text vc_sep_color_grey wpb_content_element  wpb_content_element\" ><span class=\"vc_sep_holder vc_sep_holder_l\"><span class=\"vc_sep_line\"><\/span><\/span><span class=\"vc_sep_holder vc_sep_holder_r\"><span class=\"vc_sep_line\"><\/span><\/span>\n<\/div><\/div><\/div><\/div><\/div><div class=\"vc_row wpb_row vc_row-fluid\"><div class=\"wpb_column vc_column_container vc_col-sm-12\"><div class=\"vc_column-inner\"><div class=\"wpb_wrapper\"><h3 style=\"text-align: left\" class=\"vc_custom_heading vc_do_custom_heading page-title\" >Experiencia Relevante<\/h3>\n<div class=\"vc_grid-container-wrapper vc_clearfix vc_grid-animation-zoomIn\">\n\t<div class=\"vc_grid-container vc_clearfix wpb_content_element vc_masonry_grid\" data-initial-loading-animation=\"zoomIn\" data-vc-grid-settings=\"{&quot;page_id&quot;:18642,&quot;style&quot;:&quot;all-masonry&quot;,&quot;action&quot;:&quot;vc_get_vc_grid_data&quot;,&quot;shortcode_id&quot;:&quot;1765844414398-9aaffcd1-fdb0-7&quot;,&quot;tag&quot;:&quot;vc_masonry_grid&quot;}\" data-vc-request=\"https:\/\/www.nhg.mx\/wp-admin\/admin-ajax.php\" data-vc-post-id=\"18642\" data-vc-public-nonce=\"49107e1f4b\">\n\t\t\n\t<\/div>\n<\/div><\/div><\/div><\/div><\/div>\n<\/div>","protected":false},"excerpt":{"rendered":"Our International Trade &amp; Customs practice encompasses specialized consulting and advisory services, support during audits conducted by tax and customs authorities, litigation, application of free trade agreements, tariff classification, export promotion programs (e.g., IMMEX, CIVA, PROSEC, Drawback), tax and customs planning of operations, and representation in unfair trade proceedings (antidumping). We are distinguished by our...<div class=\" [...]\"><a href=\"https:\/\/www.nhg.mx\/es\/services\/international-trade-customs\/\">Read More<\/a><\/div>","protected":false},"author":9,"featured_media":18644,"parent":2174,"menu_order":7,"comment_status":"closed","ping_status":"closed","template":"","meta":{"footnotes":""},"class_list":["post-18642","page","type-page","status-publish","has-post-thumbnail","hentry"],"acf":[],"_links":{"self":[{"href":"https:\/\/www.nhg.mx\/es\/wp-json\/wp\/v2\/pages\/18642","targetHints":{"allow":["GET"]}}],"collection":[{"href":"https:\/\/www.nhg.mx\/es\/wp-json\/wp\/v2\/pages"}],"about":[{"href":"https:\/\/www.nhg.mx\/es\/wp-json\/wp\/v2\/types\/page"}],"author":[{"embeddable":true,"href":"https:\/\/www.nhg.mx\/es\/wp-json\/wp\/v2\/users\/9"}],"replies":[{"embeddable":true,"href":"https:\/\/www.nhg.mx\/es\/wp-json\/wp\/v2\/comments?post=18642"}],"version-history":[{"count":6,"href":"https:\/\/www.nhg.mx\/es\/wp-json\/wp\/v2\/pages\/18642\/revisions"}],"predecessor-version":[{"id":18649,"href":"https:\/\/www.nhg.mx\/es\/wp-json\/wp\/v2\/pages\/18642\/revisions\/18649"}],"up":[{"embeddable":true,"href":"https:\/\/www.nhg.mx\/es\/wp-json\/wp\/v2\/pages\/2174"}],"wp:featuredmedia":[{"embeddable":true,"href":"https:\/\/www.nhg.mx\/es\/wp-json\/wp\/v2\/media\/18644"}],"wp:attachment":[{"href":"https:\/\/www.nhg.mx\/es\/wp-json\/wp\/v2\/media?parent=18642"}],"curies":[{"name":"wp","href":"https:\/\/api.w.org\/{rel}","templated":true}]}}