{"id":2184,"date":"2017-11-06T18:12:52","date_gmt":"2017-11-07T00:12:52","guid":{"rendered":"http:\/\/nhg.mx\/?page_id=2184"},"modified":"2025-08-01T12:40:43","modified_gmt":"2025-08-01T18:40:43","slug":"cap-markets","status":"publish","type":"page","link":"https:\/\/www.nhg.mx\/es\/services\/cap-markets\/","title":{"rendered":"Mercado de Valores"},"content":{"rendered":"<div class=\"wpb-content-wrapper\"><div class=\"vc_row wpb_row vc_row-fluid\"><div class=\"wpb_column vc_column_container vc_col-sm-12\"><div class=\"vc_column-inner\"><div class=\"wpb_wrapper\">\n\t<div class=\"wpb_text_column wpb_content_element\" >\n\t\t<div class=\"wpb_wrapper\">\n\t\t\t<p>Nuestro equipo de Mercados de Capital est\u00e1 integrado por especialistas que asesoran regularmente en una gran variedad de ofertas p\u00fablicas y privadas de valores representativos de deuda y capital en los mercados nacional e internacional. Nuestro equipo asesora a emisoras, inversionistas, casas de bolsa, proveedores de garant\u00edas e intermediarios colocadores, en la estructuraci\u00f3n de innovadoras soluciones para algunas de las operaciones m\u00e1s complejas y de mayor tama\u00f1o en el mercado.<\/p>\n<p>Nuestro grupo asesora en todos los aspectos legales en emisiones de valores y otros instrumentos, y apoyamos a nuestros clientes con respecto a sus obligaciones de reporteo peri\u00f3dico de conformidad con la Ley del Mercado de Valores, as\u00ed como en temas de revelaci\u00f3n de informaci\u00f3n, uso de informaci\u00f3n privilegiada y aplicaci\u00f3n de sanciones.<i>Ley del Mercado de <\/i><i>Valores<\/i>) and on disclosure issues, insider trading issues and enforcement matters.<\/p>\n<blockquote>\n<div class=\"ql-block\" data-block-id=\"block-d1a31fd8-12d8-4578-9ed3-581f79c8408d\">&#8220;Nader Hayaux &amp; Goebel has profound knowledge of the Mexican market and expertise in complex structured financings. The team consistently exhibits\u00a0unparalleled skills in sophisticated matters.&#8221;<\/div>\n<div class=\"ql-block\" data-block-id=\"block-375af8d4-5f74-46fb-99c3-dbda8284a502\"><strong>Chambers &amp; Partners 2025<\/strong><\/div>\n<\/blockquote>\n<p>Hemos asesorado a diversas empresas mexicanas en ofertas de acciones y valores de deuda, as\u00ed como en ofertas p\u00fablicas de compra en la Bolsa Mexicana de Valores. Hemos participado en algunas de las mayores operaciones de financiamiento para la adquisici\u00f3n de empresas p\u00fablicas, y hemos apoyado a clientes en la emisi\u00f3n y oferta p\u00fablica de certificados burs\u00e1tiles fiduciarios de desarrollo (CKDs), con el objeto de recaudar capital para proyectos inmobiliarios, de capital privado y de infraestructura, entre otros, as\u00ed como en el lanzamiento de fideicomisos de inversi\u00f3n en bienes ra\u00edces (FIBRAs) y fideicomisos de inversi\u00f3n en energ\u00eda e infraestructura (FIBRAs E).<i>certificados<\/i><i> de capital de <\/i><i>desarrollo<\/i>, or CKDs) to raise capital for private equity infrastructure and real estate projects, among others, as well as in the launch of real estate investment trusts (FIBRAs) and master Limited Partnerships (FIBRAs E).<\/p>\n<p>Estamos muy familiarizados con la Ley Sarbanes-Oxley que resulta de nuestra asesor\u00eda a clientes en relaci\u00f3n con la investigaci\u00f3n, por parte de la Comisi\u00f3n de Valores de los Estados Unidos de Am\u00e9rica, de presuntas violaciones a las leyes en materia de valores de ese pa\u00eds, trabajando estrechamente con abogados estadounidenses en dichos casos. Adem\u00e1s, tenemos gran experiencia en operaciones relacionadas con el desliste de valores de emisoras mexicanas en los Estados Unidos de Am\u00e9rica. \nHemos participado en ofertas de intercambio de valores de deuda al amparo de la Ley de Valores de 1933 de los Estados Unidos de Am\u00e9rica, as\u00ed como en ofertas de valores bajo las Reglas 144A y el Reglamento S.<\/p>\n<p>Nuestro equipo de Mercados de Capital ha asesorado a bancos, casas de bolsa y fondos de inversi\u00f3n, tanto mexicanos como internacionales, en relaci\u00f3n con la venta en M\u00e9xico de valores emitidos en el extranjero al amparo de exenciones de los requisitos de registro previstos en la Ley del Mercado de Valores, y hemos representado a clientes en la estructuraci\u00f3n de planes de compensaci\u00f3n, dise\u00f1o de estrategias de salida, constituci\u00f3n de casas de bolsa y filiales de casas de bolsa extranjeras, establecimiento de oficinas de representaci\u00f3n y una amplia gama de otros asuntos burs\u00e1tiles.<\/p>\n\n\t\t<\/div>\n\t<\/div>\n<\/div><\/div><\/div><\/div><div class=\"vc_row wpb_row vc_row-fluid\"><div class=\"wpb_column vc_column_container vc_col-sm-12\"><div class=\"vc_column-inner\"><div class=\"wpb_wrapper\"><h3 style=\"text-align: left\" class=\"vc_custom_heading vc_do_custom_heading page-title\" >Proyectos destacados<\/h3>\n<div class=\"vc_grid-container-wrapper vc_clearfix vc_grid-animation-zoomIn\">\n\t<div class=\"vc_grid-container vc_clearfix wpb_content_element vc_masonry_grid page-title\" data-initial-loading-animation=\"zoomIn\" data-vc-grid-settings=\"{&quot;page_id&quot;:2184,&quot;style&quot;:&quot;all-masonry&quot;,&quot;action&quot;:&quot;vc_get_vc_grid_data&quot;,&quot;shortcode_id&quot;:&quot;1754006730477-95224d1e7ffa15aef3d38d2dcbf71b25-4&quot;,&quot;tag&quot;:&quot;vc_masonry_grid&quot;}\" data-vc-request=\"https:\/\/www.nhg.mx\/wp-admin\/admin-ajax.php\" data-vc-post-id=\"2184\" data-vc-public-nonce=\"324d1e21bb\">\n\t\t\n\t<\/div>\n<\/div><\/div><\/div><\/div><\/div>\n<\/div>","protected":false},"excerpt":{"rendered":"Our Capital Markets Group is formed by specialists who regularly advise on a wide variety of international and domestic public and private offerings of debt and equity securities, as well as in tender offers. Our group advises issuers, investors, broker dealers, credit enhancers and underwriters in crafting innovative solutions for some of the largest and...<div class=\" [...]\"><a href=\"https:\/\/www.nhg.mx\/es\/services\/cap-markets\/\">Read More<\/a><\/div>","protected":false},"author":11,"featured_media":2416,"parent":2174,"menu_order":4,"comment_status":"closed","ping_status":"closed","template":"","meta":{"footnotes":""},"class_list":["post-2184","page","type-page","status-publish","has-post-thumbnail","hentry"],"acf":[],"_links":{"self":[{"href":"https:\/\/www.nhg.mx\/es\/wp-json\/wp\/v2\/pages\/2184","targetHints":{"allow":["GET"]}}],"collection":[{"href":"https:\/\/www.nhg.mx\/es\/wp-json\/wp\/v2\/pages"}],"about":[{"href":"https:\/\/www.nhg.mx\/es\/wp-json\/wp\/v2\/types\/page"}],"author":[{"embeddable":true,"href":"https:\/\/www.nhg.mx\/es\/wp-json\/wp\/v2\/users\/11"}],"replies":[{"embeddable":true,"href":"https:\/\/www.nhg.mx\/es\/wp-json\/wp\/v2\/comments?post=2184"}],"version-history":[{"count":8,"href":"https:\/\/www.nhg.mx\/es\/wp-json\/wp\/v2\/pages\/2184\/revisions"}],"predecessor-version":[{"id":18183,"href":"https:\/\/www.nhg.mx\/es\/wp-json\/wp\/v2\/pages\/2184\/revisions\/18183"}],"up":[{"embeddable":true,"href":"https:\/\/www.nhg.mx\/es\/wp-json\/wp\/v2\/pages\/2174"}],"wp:featuredmedia":[{"embeddable":true,"href":"https:\/\/www.nhg.mx\/es\/wp-json\/wp\/v2\/media\/2416"}],"wp:attachment":[{"href":"https:\/\/www.nhg.mx\/es\/wp-json\/wp\/v2\/media?parent=2184"}],"curies":[{"name":"wp","href":"https:\/\/api.w.org\/{rel}","templated":true}]}}