{"id":2221,"date":"2017-11-06T23:05:38","date_gmt":"2017-11-07T05:05:38","guid":{"rendered":"http:\/\/nhg.mx\/?page_id=2221"},"modified":"2025-08-01T12:21:03","modified_gmt":"2025-08-01T18:21:03","slug":"infra","status":"publish","type":"page","link":"https:\/\/www.nhg.mx\/es\/services\/infra\/","title":{"rendered":"Infraestructura, APPs y Financiamiento de Proyectos"},"content":{"rendered":"<div class=\"wpb-content-wrapper\"><div class=\"vc_row wpb_row vc_row-fluid\"><div class=\"wpb_column vc_column_container vc_col-sm-12\"><div class=\"vc_column-inner\"><div class=\"wpb_wrapper\">\n\t<div class=\"wpb_text_column wpb_content_element\" >\n\t\t<div class=\"wpb_wrapper\">\n\t\t\t<p style=\"text-align: justify;\">Con cuatro socios a la cabeza de la pr\u00e1ctica y un n\u00famero importante de asociados, el grupo de trabajo de Infraestructura, Asociaciones P\u00fablico Privadas y Financiamiento de Proyectos, ha participado en numerosos proyectos que han sido parteaguas en el sector y con experiencia \u00fanica en asociaciones p\u00fablico privadas (\u201cAPPs\u201d). Representamos a acreedores, inversionistas financieros y estrat\u00e9gicos, desarrolladores, proveedores y numerosas entidades gubernamentales nacionales y extranjeras, incluyendo al Gobierno Federal, estados y municipios. Hemos asesorado a clientes en una gama completa de proyectos desde Apps y Concesiones incluyendo prisiones, hospitales, carreteras, transporte, puertos y proyectos de agua, hasta grandes proyectos en materia de energ\u00eda y recursos naturales, incluyendo renovables, gas y petr\u00f3leo.<\/p>\n<blockquote class=\"floated\">\n<div class=\"ql-block\" data-block-id=\"block-3cfef474-b229-43de-ab6c-d76ea0f72f6d\">&#8220;The Nader Hayaux &amp; Goebel team offers fantastic responsiveness, availability and resources. They are technical yet business-sensible and clear.&#8221;<\/div>\n<div class=\"ql-block\" data-block-id=\"block-402d4e45-4913-44ad-87cb-be15c45183a5\"><strong>Chambers &amp; Partners 2025<\/strong><\/div>\n<\/blockquote>\n<p style=\"text-align: justify;\"><strong>Asociaciones P\u00fablico Privadas e Infraestructura.<\/strong><\/p>\n<p style=\"text-align: justify;\">En el a\u00f1o 2003, comenzamos a asesorar al Gobierno Federal para llevar a cabo la estructuraci\u00f3n, contrataci\u00f3n e implementaci\u00f3n de los primeros Proyectos para Prestaci\u00f3n de Servicios (\u201cPPS\u201d) a nivel nacional en el sector salud y educaci\u00f3n. Con el \u00e9xito de dichos proyectos, se despert\u00f3 el inter\u00e9s de las entidades federativas en desarrollar infraestructura p\u00fablica a trav\u00e9s de esquemas similares. Tenemos experiencia en todas las etapas y aspectos de un proyecto, desde su estructuraci\u00f3n inicial hasta su implementaci\u00f3n y operaci\u00f3n, incluyendo trabajo legislativo, talleres de riesgos, elaboraci\u00f3n e interpretaci\u00f3n de bases de licitaci\u00f3n, elaboraci\u00f3n y revisi\u00f3n de contratos de servicios, obra y operaci\u00f3n (EPC y O&amp;M), coordinaci\u00f3n con asesores t\u00e9cnicos y financieros, participaci\u00f3n en juntas de aclaraciones, evaluaciones a posibles inversionistas proveedores y revisi\u00f3n de sistemas de evaluaci\u00f3n, fallos e inconformidades. Tambi\u00e9n hemos restructurado varios proyectos y participado en propuesta no solicitadas bajo la Ley APP Federal, incluyendo la primera propuesta no solicitada autorizada por el Congreso.<\/p>\n<p style=\"text-align: justify;\"><strong>Financiamiento de Proyectos; Instrumentos de Financiamiento.<\/strong><\/p>\n<p style=\"text-align: justify;\">Nuestro grupo de Infraestructura y Financiamiento de Proyectos es asesor l\u00edder en el mercado de financiamientos garantizados en M\u00e9xico. El grupo act\u00faa como asesor de instituciones financieras, consorcios de construcci\u00f3n y operaci\u00f3n, proveedores de equipo y concesionarios de servicios p\u00fablicos en relaci\u00f3n con financiamientos de proyectos de infraestructura, servicios p\u00fablicos y privatizados, incluyendo plantas generadoras de energ\u00eda, telefon\u00eda, l\u00edneas de transmisi\u00f3n de electricidad, distribuci\u00f3n de gas natural, gasoductos, perforaci\u00f3n y plataformas mar\u00edtimas, desarrollo portuario, carreteras de cuota, as\u00ed como instalaciones de infraestructura social.<\/p>\n<p style=\"text-align: justify;\">Ha sido pionero y l\u00edder en la implementaci\u00f3n y asesor\u00eda de esquemas de financiamiento p\u00fablico a trav\u00e9s de financiamiento estructurado y colocaciones p\u00fablicas y privadas de instrumentos de deuda, capital e instrumentos h\u00edbridos, tales como los certificados de capital de desarrollo, que fueron creados para el financiamiento de proyectos de infraestructura a largo plazo, permitiendo el acceso a los recursos de las administradores de fondos para el retiro en M\u00e9xico, reactivando la inversi\u00f3n privada en proyectos de infraestructura.<\/p>\n\n\t\t<\/div>\n\t<\/div>\n<\/div><\/div><\/div><\/div><div class=\"vc_row wpb_row vc_row-fluid\"><div class=\"wpb_column vc_column_container vc_col-sm-12\"><div class=\"vc_column-inner\"><div class=\"wpb_wrapper\"><h3 style=\"text-align: left\" class=\"vc_custom_heading vc_do_custom_heading page-title\" >Experiencia Relevante<\/h3>\n<div class=\"vc_grid-container-wrapper vc_clearfix vc_grid-animation-zoomIn\">\n\t<div class=\"vc_grid-container vc_clearfix wpb_content_element vc_masonry_grid\" data-initial-loading-animation=\"zoomIn\" data-vc-grid-settings=\"{&quot;page_id&quot;:2221,&quot;style&quot;:&quot;all-masonry&quot;,&quot;action&quot;:&quot;vc_get_vc_grid_data&quot;,&quot;shortcode_id&quot;:&quot;1523275382282-b079b7e1-9e02-5&quot;,&quot;tag&quot;:&quot;vc_masonry_grid&quot;}\" data-vc-request=\"https:\/\/www.nhg.mx\/wp-admin\/admin-ajax.php\" data-vc-post-id=\"2221\" data-vc-public-nonce=\"61a86d599d\">\n\t\t\n\t<\/div>\n<\/div><\/div><\/div><\/div><\/div>\n<\/div>","protected":false},"excerpt":{"rendered":"With four lead partners and a large group of associates, the Infrastructure, Public-Private Partnerships and Project Finance Practice Group has participated in several ground-breaking projects, with particular expertise in public-private partnerships (\u201cPPPs\u201d). We represent lenders, strategic and financial investors, sponsors, sellers and buyers, and numerous Mexican and non-Mexican government entities, including the Mexican Federal Government...<div class=\" [...]\"><a href=\"https:\/\/www.nhg.mx\/es\/services\/infra\/\">Read More<\/a><\/div>","protected":false},"author":11,"featured_media":2442,"parent":2174,"menu_order":6,"comment_status":"closed","ping_status":"closed","template":"","meta":{"footnotes":""},"class_list":["post-2221","page","type-page","status-publish","has-post-thumbnail","hentry"],"acf":[],"_links":{"self":[{"href":"https:\/\/www.nhg.mx\/es\/wp-json\/wp\/v2\/pages\/2221","targetHints":{"allow":["GET"]}}],"collection":[{"href":"https:\/\/www.nhg.mx\/es\/wp-json\/wp\/v2\/pages"}],"about":[{"href":"https:\/\/www.nhg.mx\/es\/wp-json\/wp\/v2\/types\/page"}],"author":[{"embeddable":true,"href":"https:\/\/www.nhg.mx\/es\/wp-json\/wp\/v2\/users\/11"}],"replies":[{"embeddable":true,"href":"https:\/\/www.nhg.mx\/es\/wp-json\/wp\/v2\/comments?post=2221"}],"version-history":[{"count":1,"href":"https:\/\/www.nhg.mx\/es\/wp-json\/wp\/v2\/pages\/2221\/revisions"}],"predecessor-version":[{"id":18175,"href":"https:\/\/www.nhg.mx\/es\/wp-json\/wp\/v2\/pages\/2221\/revisions\/18175"}],"up":[{"embeddable":true,"href":"https:\/\/www.nhg.mx\/es\/wp-json\/wp\/v2\/pages\/2174"}],"wp:featuredmedia":[{"embeddable":true,"href":"https:\/\/www.nhg.mx\/es\/wp-json\/wp\/v2\/media\/2442"}],"wp:attachment":[{"href":"https:\/\/www.nhg.mx\/es\/wp-json\/wp\/v2\/media?parent=2221"}],"curies":[{"name":"wp","href":"https:\/\/api.w.org\/{rel}","templated":true}]}}