{"id":2225,"date":"2017-11-06T23:10:03","date_gmt":"2017-11-07T05:10:03","guid":{"rendered":"http:\/\/nhg.mx\/?page_id=2225"},"modified":"2025-08-01T12:41:11","modified_gmt":"2025-08-01T18:41:11","slug":"insurance","status":"publish","type":"page","link":"https:\/\/www.nhg.mx\/es\/services\/insurance\/","title":{"rendered":"Seguros y Reaseguro"},"content":{"rendered":"<div class=\"wpb-content-wrapper\"><div class=\"vc_row wpb_row vc_row-fluid\"><div class=\"wpb_column vc_column_container vc_col-sm-12\"><div class=\"vc_column-inner\"><div class=\"wpb_wrapper\">\n\t<div class=\"wpb_text_column wpb_content_element\" >\n\t\t<div class=\"wpb_wrapper\">\n\t\t\t<p>El equipo que conforma nuestra pr\u00e1ctica de Seguros y Reaseguro es el m\u00e1s especializado y experimentado de M\u00e9xico. \n\nDesde 1991, nos dedicamos a asesorar y representar a las principales aseguradoras y reaseguradoras del mundo en sus operaciones en M\u00e9xico y otras partes de Am\u00e9rica Latina.<\/p>\n<p>Somos la \u00fanica firma mexicana con presencia local en Londres, uno de los mercados de seguros y reaseguro m\u00e1s importantes del mundo.<\/p>\n<p>Tenemos la pr\u00e1ctica de seguros m\u00e1s amplia en M\u00e9xico, prestando servicios en asuntos no contenciosos, tales como corporativos, regulatorios, transaccionales, de cumplimiento, dise\u00f1o y distribuci\u00f3n de productos, y en asuntos contenciosos, entre los que destacan opiniones de cobertura, asesor\u00eda en la atenci\u00f3n de reclamaciones, soluci\u00f3n de controversias, mediaciones y arbitrajes, tanto en asuntos cotidianos como en asuntos especiales. \nNuestros servicios incluyen lo siguiente:<\/p>\n<p>(i)Representaci\u00f3n de instituciones de seguros mexicanas (incluyendo subsidiarias locales de las principales aseguradoras internacionales) en asuntos corporativos, contractuales y regulatorios tales como obtenci\u00f3n de autorizaciones, r\u00e9gimen de inversiones, cumplimiento regulatorio en materia financiera, operativa, de solvencia y entrega de reportes ante autoridades, protecci\u00f3n al consumidor, as\u00ed como implementaci\u00f3n de mejores pr\u00e1cticas corporativas y para prevenir actos de corrupci\u00f3n y lavado de dinero.<\/p>\n<p>(ii)Representaci\u00f3n de aseguradoras extranjeras en el establecimiento de sus operaciones en M\u00e9xico y en la compra de instituciones de seguros mexicanas, o en la estructuraci\u00f3n de asociaciones (joint ventures), incluyendo auditor\u00edas legales, obtenci\u00f3n de autorizaciones regulatorias, preparaci\u00f3n y negociaci\u00f3n de contratos y asesor\u00eda en materia fiscal, inmobiliaria, laboral y de valores, as\u00ed como en la prestaci\u00f3n de todo servicio legal necesario para llevar a cabo la compra.<\/p>\n<p>(iii)Asesor\u00eda en operaciones de seguros transfronterizos.<\/p>\n<p>(iv)Desarrollo de productos de seguros, incluyendo el desarrollo de esquemas de mercadotecnia directa con los principales operadores de tarjetas de cr\u00e9dito y tiendas departamentales de M\u00e9xico, implementaci\u00f3n de contratos de reaseguro y planes de incentivos con agentes de seguros, elaboraci\u00f3n y negociaci\u00f3n de contratos con centros hospitalarios para el suministro de atenci\u00f3n m\u00e9dica al amparo de p\u00f3lizas de seguro de gastos m\u00e9dicos y accidentes, y en general, desarrollo y registro de productos de seguro respecto de todo tipo de riesgos.<\/p>\n<p>(v)Asesor\u00eda en el desarrollo e implementaci\u00f3n de nuevas tecnolog\u00edas y proyectos de insurtech.<\/p>\n<p>(vi)Asesor\u00eda en reclamaciones y cobertura.<\/p>\n<p>(vii)Representaci\u00f3n en arbitrajes y litigios, como \u00e1rbitros, abogados de parte o peritos en derecho Mexicano y derecho de seguros.<\/p>\n<p>(viii)Asesor\u00eda general en temas regulatorios, transaccionales y corporativo en seguros, a reaseguradoras extranjeras y a sus subsidiarias mexicanas.<\/p>\n<p>&nbsp;<\/p>\n<blockquote class=\"floated\">\n<div class=\"ql-block\" data-block-id=\"block-a6948851-d012-4c38-a759-9ed2541f5df1\">&#8220;Nader Hayaux &amp; Goebel have complete mastery and experience in insurance and reinsurance.\u00a0Their responses are quick and their advice is accurate.&#8221;<\/div>\n<div class=\"ql-block\" data-block-id=\"block-5b2f454d-cd46-4e2b-8979-6c613cd9450c\"><strong>Chambers &amp; Partners Latin America \u2013 Insurance, 2025<\/strong><\/div>\n<\/blockquote>\n\n\t\t<\/div>\n\t<\/div>\n<\/div><\/div><\/div><\/div><div class=\"vc_row wpb_row vc_row-fluid\"><div class=\"wpb_column vc_column_container vc_col-sm-12\"><div class=\"vc_column-inner\"><div class=\"wpb_wrapper\"><div class=\"os-container\">\n              <div class=\"os-cta-block  color-scheme-dark\" style=\"background-image: url(https:\/\/www.nhg.mx\/wp-content\/uploads\/2017\/02\/pattern3.jpg);\"\">\n                \n                <div class=\"cta-content\">\n                  <div class=\"cta-text\"><p style=\"text-align: left;\">Tenemos amplia experiencia en la gesti\u00f3n de tr\u00e1mites ante las principales autoridades que regulan y supervisan las operaciones de seguros y fianzas en M\u00e9xico, incluyendo la Secretar\u00eda de Hacienda y Cr\u00e9dito P\u00fablico (SHCP), la Comisi\u00f3n Nacional de Seguros y Fianzas (\u201cCNSF\u201d), la Comisi\u00f3n Nacional para la Defensa de los Usuarios de Servicios Financieros (\u201cCONDUSEF\u201d) y la Secretar\u00eda de Salud.<i>Secretar\u00eda<\/i><i> de Hacienda y <\/i><i>Cr\u00e9dito<\/i> <i>P\u00fablico<\/i>), the National Insurance and Bonding Commission (<i>Comisi\u00f3n<\/i> <i>Nacional<\/i><i> de <\/i><i>Seguros<\/i><i> y <\/i><i>Fianzas<\/i>) (\u201cCNSF\u201d), the National Commission for the Defense of Users of Financial Services (<i>Comisi\u00f3n<\/i> <i>Nacional<\/i><i> para la <\/i><i>Defensa<\/i><i> de los <\/i><i>Usuarios<\/i><i> de <\/i><i>Servicios<\/i> <i>Financieros<\/i>) (\u201cCONDUSEF\u201d), and the Ministry of Health (<i>Secretar\u00eda<\/i><i> de <\/i><i>Salud<\/i>).<\/p>\n<p style=\"text-align: left;\">Varios miembros de nuestra pr\u00e1ctica de Seguros y Reaseguro:<\/p>\n<p style=\"text-align: left;\">(i)Son dictaminadores jur\u00eddicos autorizados por la CNSF para emitir opiniones y an\u00e1lisis de congruencia para el registro de productos de seguros ante dicha autoridad.<i>dict\u00e1men<\/i> <i>jur\u00eddico<\/i>) and consistency opinions (<i>dict\u00e1men<\/i><i> de <\/i><i>congruencia<\/i>) required for the registration of insurance products with said Commission.<\/p>\n<p style=\"text-align: left;\">(ii)Participan frecuentemente como conferencistas en seminarios especializados e imparten cursos sobre la materia en diversas universidades.<\/p>\n<p style=\"text-align: left;\">(iii)Publican continuamente art\u00edculos sobre seguros y otros temas financieros relacionados en publicaciones especializadas.<\/p>\n<p style=\"text-align: left;\">(iv)Son miembros de la Asociaci\u00f3n Mexicana de Derecho de Seguros y Fianzas (\u201cAMEDESEF\u201d). <i>Asociaci\u00f3n<\/i><i> Mexicana de <\/i><i>Derecho<\/i><i> de <\/i><i>Seguros<\/i><i> y <\/i><i>Fianzas<\/i> (Mexican Association of Insurance and Bonding Law) (\u201cAMEDESEF\u201d).<\/p>\n<\/div>\n                  \n                <\/div>\n              <\/div>\n            <\/div><div class=\"os-container\">\n              <div class=\"os-cta-block with-offer-img color-scheme-dark\" style=\"background-image: url(https:\/\/www.nhg.mx\/wp-content\/uploads\/2017\/02\/pattern3.jpg);\"\">\n                <div class=\"cta-offer-img\"><img decoding=\"async\" alt=\"Download publication\" src=\"https:\/\/www.nhg.mx\/wp-content\/uploads\/2017\/11\/NewsPost-nhg.com_.mx-1.png\"\/><\/div>\n                <div class=\"cta-content\">\n                  <div class=\"cta-text\"><h3>Download a Q&amp;A on Insurance &amp; Reinsurance law in Mexico<\/h3>\n<p>Socios\u00a0<a href=\"http:\/\/nhg.mx\/team_member\/yhl\/\">Yves Hayaux-du-Tilly<\/a>\u00a0 y\u00a0<a href=\"http:\/\/nhg.mx\/team_member\/lucian-perez-g\/\">Luciano P\u00e9rez\u00a0<\/a>contributed to The Legal500 Comparative Guide on Insurance &amp; Reinsurance.\u00a0This country-specific Q&amp;A gives a pragmatic overview\u00a0of the law and practice of insurance &amp; reinsurance\u00a0law in Mexico.\u00a0It addresses topics such as contract\u00a0regulation, licensing, penalties, policyholder protection, alternative dispute resolution as\u00a0well as personal insight and opinion as to the future\u00a0of the insurance market over the next five years.<\/p>\n<\/div>\n                  <div class=\"cta-button\"><a href=\"http:\/\/nhg.mx\/wp-content\/uploads\/2018\/05\/Legal500_Mexico_-Insurance-Reinsurance.pdf\" class=\"btn btn-white btn-lg btn-rounded\" style=\"\"\">Download publication<\/a><\/div>\n                <\/div>\n              <\/div>\n            <\/div><\/div><\/div><\/div><\/div><div class=\"vc_row wpb_row vc_row-fluid\"><div class=\"wpb_column vc_column_container vc_col-sm-12\"><div class=\"vc_column-inner\"><div class=\"wpb_wrapper\"><div class=\"vc_separator wpb_content_element vc_separator_align_center vc_sep_width_100 vc_sep_pos_align_center vc_separator_no_text vc_sep_color_grey wpb_content_element  wpb_content_element\" ><span class=\"vc_sep_holder vc_sep_holder_l\"><span class=\"vc_sep_line\"><\/span><\/span><span class=\"vc_sep_holder vc_sep_holder_r\"><span class=\"vc_sep_line\"><\/span><\/span>\n<\/div><\/div><\/div><\/div><\/div><div class=\"vc_row wpb_row vc_row-fluid\"><div class=\"wpb_column vc_column_container vc_col-sm-12\"><div class=\"vc_column-inner\"><div class=\"wpb_wrapper\"><h3 style=\"text-align: left\" class=\"vc_custom_heading vc_do_custom_heading page-title\" >Experiencia Relevante<\/h3>\n<div class=\"vc_grid-container-wrapper vc_clearfix vc_grid-animation-zoomIn\">\n\t<div class=\"vc_grid-container vc_clearfix wpb_content_element vc_masonry_grid\" data-initial-loading-animation=\"zoomIn\" data-vc-grid-settings=\"{&quot;page_id&quot;:2225,&quot;style&quot;:&quot;all-masonry&quot;,&quot;action&quot;:&quot;vc_get_vc_grid_data&quot;,&quot;shortcode_id&quot;:&quot;1754006338022-82add14f091c7365b026c1401dc87637-4&quot;,&quot;tag&quot;:&quot;vc_masonry_grid&quot;}\" data-vc-request=\"https:\/\/www.nhg.mx\/wp-admin\/admin-ajax.php\" data-vc-post-id=\"2225\" data-vc-public-nonce=\"61a86d599d\">\n\t\t\n\t<\/div>\n<\/div><\/div><\/div><\/div><\/div>\n<\/div>","protected":false},"excerpt":{"rendered":"Our Insurance and Reinsurance Practice Group is the most specialized and experienced in Mexico. Since 1991, we have been advising and representing the leading insurance and reinsurance companies globally in Mexican and Latin American matters. We are the only Mexican Firm with local presence in London, one of the world\u2019s most important insurance and reinsurance...<div class=\" [...]\"><a href=\"https:\/\/www.nhg.mx\/es\/services\/insurance\/\">Read More<\/a><\/div>","protected":false},"author":11,"featured_media":2463,"parent":2174,"menu_order":7,"comment_status":"closed","ping_status":"closed","template":"","meta":{"footnotes":""},"class_list":["post-2225","page","type-page","status-publish","has-post-thumbnail","hentry"],"acf":[],"_links":{"self":[{"href":"https:\/\/www.nhg.mx\/es\/wp-json\/wp\/v2\/pages\/2225","targetHints":{"allow":["GET"]}}],"collection":[{"href":"https:\/\/www.nhg.mx\/es\/wp-json\/wp\/v2\/pages"}],"about":[{"href":"https:\/\/www.nhg.mx\/es\/wp-json\/wp\/v2\/types\/page"}],"author":[{"embeddable":true,"href":"https:\/\/www.nhg.mx\/es\/wp-json\/wp\/v2\/users\/11"}],"replies":[{"embeddable":true,"href":"https:\/\/www.nhg.mx\/es\/wp-json\/wp\/v2\/comments?post=2225"}],"version-history":[{"count":2,"href":"https:\/\/www.nhg.mx\/es\/wp-json\/wp\/v2\/pages\/2225\/revisions"}],"predecessor-version":[{"id":18184,"href":"https:\/\/www.nhg.mx\/es\/wp-json\/wp\/v2\/pages\/2225\/revisions\/18184"}],"up":[{"embeddable":true,"href":"https:\/\/www.nhg.mx\/es\/wp-json\/wp\/v2\/pages\/2174"}],"wp:featuredmedia":[{"embeddable":true,"href":"https:\/\/www.nhg.mx\/es\/wp-json\/wp\/v2\/media\/2463"}],"wp:attachment":[{"href":"https:\/\/www.nhg.mx\/es\/wp-json\/wp\/v2\/media?parent=2225"}],"curies":[{"name":"wp","href":"https:\/\/api.w.org\/{rel}","templated":true}]}}