{"id":2228,"date":"2017-11-06T23:21:03","date_gmt":"2017-11-07T05:21:03","guid":{"rendered":"http:\/\/nhg.mx\/?page_id=2228"},"modified":"2025-08-01T12:27:48","modified_gmt":"2025-08-01T18:27:48","slug":"m-and-a","status":"publish","type":"page","link":"https:\/\/www.nhg.mx\/es\/services\/m-and-a\/","title":{"rendered":"Fusiones y Adquisiciones"},"content":{"rendered":"<div class=\"wpb-content-wrapper\"><div class=\"vc_row wpb_row vc_row-fluid\"><div class=\"wpb_column vc_column_container vc_col-sm-12\"><div class=\"vc_column-inner\"><div class=\"wpb_wrapper\">\n\t<div class=\"wpb_text_column wpb_content_element\" >\n\t\t<div class=\"wpb_wrapper\">\n\t\t\t<p>Nuestro equipo de Fusiones y Adquisiciones representa a clientes mexicanos y extranjeros en todos los aspectos relacionados con operaciones de fusiones y adquisiciones, incluyendo auditor\u00edas legales, la formaci\u00f3n de coinversiones, alianzas estrat\u00e9gicas y asociaciones, escisiones, compraventa de acciones y activos, adquisiciones de empresas, conflictos entre accionistas, reestructuras y reorganizaciones, temas regulatorios, competencia econ\u00f3mica, cumplimiento normativo e inversi\u00f3n extranjera.<\/p>\n<p>Contamos con una amplia experiencia en asuntos de gobierno corporativo, incluyendo asociaciones y protecci\u00f3n de accionistas minoritarios.<\/p>\n<blockquote class=\"floated\">\n<div class=\"ql-block\" data-block-id=\"block-335a116f-42a0-4dc0-863e-5323e04126d3\">&#8220;We have had a great experience with Nader Hayaux &amp; Goebel. The team is very comprehensive, professional, flexible, and showcases a good understanding of the market.&#8221;<\/div>\n<div class=\"ql-block\" data-block-id=\"block-4715f252-3fb6-4e6c-9682-7a2ebfb67078\"><strong>Chambers &amp; Partners 2025<\/strong><\/div>\n<\/blockquote>\n<p>Hemos desarrollado una particular especializaci\u00f3n en asesor\u00eda corporativa y de fusiones y adquisiciones de empresas que cotizan entre el p\u00fablico inversionista y entidades, incluyendo en materia financiera, telecomunicaciones, energ\u00eda, miner\u00eda, metalurgia, agr\u00edcolas, de infraestructura e inmobiliaria. Nuestro equipo ha participado en la privatizaci\u00f3n de un n\u00famero importante de empresas p\u00fablicas y tiene una experiencia excepcional en fusiones y escisiones de instituciones financieras.<\/p>\n<p>Nuestro equipo ha asesorado a una gran variedad de clientes extranjeros en su establecimiento en M\u00e9xico, en sus adquisiciones y asociaciones con entidades mexicanas y en una amplia gama de asuntos corporativos y operativos. Somos reconocido y consultados por compa\u00f1\u00edas e instituciones financieras l\u00edderes por su experiencia, profundidad e innovaci\u00f3n en todo tipo de asuntos de derecho corporativo y operativos.<\/p>\n<p>Como resultado de nuestra pr\u00e1ctica de fusiones y adquisiciones, tambi\u00e9n hemos desarrollado una particular especializaci\u00f3n en asesor\u00eda sobre reclamaciones relacionadas con ajustes de precios e indemnizaciones y hemos ayudado a nuestros clientes a recuperar montos significativos en disputas post-adquisici\u00f3n.<\/p>\n<p>&nbsp;<\/p>\n\n\t\t<\/div>\n\t<\/div>\n<\/div><\/div><\/div><\/div><div class=\"vc_row wpb_row vc_row-fluid\"><div class=\"wpb_column vc_column_container vc_col-sm-12\"><div class=\"vc_column-inner\"><div class=\"wpb_wrapper\"><h3 style=\"text-align: left\" class=\"vc_custom_heading vc_do_custom_heading page-title\" >Experiencia Relevante<\/h3>\n<div class=\"vc_grid-container-wrapper vc_clearfix vc_grid-animation-zoomIn\">\n\t<div class=\"vc_grid-container vc_clearfix wpb_content_element vc_masonry_grid\" data-initial-loading-animation=\"zoomIn\" data-vc-grid-settings=\"{&quot;page_id&quot;:2228,&quot;style&quot;:&quot;all-masonry&quot;,&quot;action&quot;:&quot;vc_get_vc_grid_data&quot;,&quot;shortcode_id&quot;:&quot;1523273461379-2f1e452a4ce15fece9346d6729e3c586-6&quot;,&quot;tag&quot;:&quot;vc_masonry_grid&quot;}\" data-vc-request=\"https:\/\/www.nhg.mx\/wp-admin\/admin-ajax.php\" data-vc-post-id=\"2228\" data-vc-public-nonce=\"61a86d599d\">\n\t\t\n\t<\/div>\n<\/div><\/div><\/div><\/div><\/div><div class=\"vc_row wpb_row vc_row-fluid\"><div class=\"wpb_column vc_column_container vc_col-sm-12\"><div class=\"vc_column-inner\"><div class=\"wpb_wrapper\">\n\t<div class=\"wpb_text_column wpb_content_element\" >\n\t\t<div class=\"wpb_wrapper\">\n\t\t\t\n\t\t<\/div>\n\t<\/div>\n<\/div><\/div><\/div><\/div><div class=\"vc_row wpb_row vc_row-fluid\"><div class=\"wpb_column vc_column_container vc_col-sm-12\"><div class=\"vc_column-inner\"><div class=\"wpb_wrapper\">\n\t<div class=\"wpb_text_column wpb_content_element\" >\n\t\t<div class=\"wpb_wrapper\">\n\t\t\t\n\t\t<\/div>\n\t<\/div>\n<\/div><\/div><\/div><\/div>\n<\/div>","protected":false},"excerpt":{"rendered":"Our Mergers and Acquisitions Practice Group represents Mexican and foreign clients in all aspects of M&amp;A transactions, including due diligence, structuring joint ventures, strategic alliances, mergers and spin-offs, stock and asset purchases, takeovers, shareholder disputes, reorganizations and restructurings, regulatory matters, compliance, antitrust and foreign investment regulations. We have extensive experience in corporate governance, including joint...<div class=\" [...]\"><a href=\"https:\/\/www.nhg.mx\/es\/services\/m-and-a\/\">Read More<\/a><\/div>","protected":false},"author":11,"featured_media":2468,"parent":2174,"menu_order":8,"comment_status":"closed","ping_status":"closed","template":"","meta":{"footnotes":""},"class_list":["post-2228","page","type-page","status-publish","has-post-thumbnail","hentry"],"acf":[],"_links":{"self":[{"href":"https:\/\/www.nhg.mx\/es\/wp-json\/wp\/v2\/pages\/2228","targetHints":{"allow":["GET"]}}],"collection":[{"href":"https:\/\/www.nhg.mx\/es\/wp-json\/wp\/v2\/pages"}],"about":[{"href":"https:\/\/www.nhg.mx\/es\/wp-json\/wp\/v2\/types\/page"}],"author":[{"embeddable":true,"href":"https:\/\/www.nhg.mx\/es\/wp-json\/wp\/v2\/users\/11"}],"replies":[{"embeddable":true,"href":"https:\/\/www.nhg.mx\/es\/wp-json\/wp\/v2\/comments?post=2228"}],"version-history":[{"count":1,"href":"https:\/\/www.nhg.mx\/es\/wp-json\/wp\/v2\/pages\/2228\/revisions"}],"predecessor-version":[{"id":18177,"href":"https:\/\/www.nhg.mx\/es\/wp-json\/wp\/v2\/pages\/2228\/revisions\/18177"}],"up":[{"embeddable":true,"href":"https:\/\/www.nhg.mx\/es\/wp-json\/wp\/v2\/pages\/2174"}],"wp:featuredmedia":[{"embeddable":true,"href":"https:\/\/www.nhg.mx\/es\/wp-json\/wp\/v2\/media\/2468"}],"wp:attachment":[{"href":"https:\/\/www.nhg.mx\/es\/wp-json\/wp\/v2\/media?parent=2228"}],"curies":[{"name":"wp","href":"https:\/\/api.w.org\/{rel}","templated":true}]}}