{"id":2257,"date":"2017-11-07T00:03:21","date_gmt":"2017-11-07T06:03:21","guid":{"rendered":"http:\/\/nhg.mx\/?page_id=2257"},"modified":"2025-07-31T19:25:42","modified_gmt":"2025-08-01T01:25:42","slug":"tax","status":"publish","type":"page","link":"https:\/\/www.nhg.mx\/es\/services\/tax\/","title":{"rendered":"Fiscal"},"content":{"rendered":"<p style=\"text-align: justify;\">Nuestro equipo de la Pr\u00e1ctica Fiscal cuenta con amplia experiencia en la asesor\u00eda a empresas p\u00fablicas y privadas en materia de impuestos federales en M\u00e9xico, as\u00ed como en los m\u00e1s diversos aspectos de tributaci\u00f3n internacional.<\/p>\n<blockquote>\n<div class=\"ql-block\" data-block-id=\"block-20ed46d9-2f99-43d5-8bb5-735b78ba156e\">\u201cNader Hayaux &amp; Goebel\u2019s team is responsive, knowledgeable and well aware of the fast pace of our transactions. Their results exceed my expectations and I look forward to continue working with them.\u201d<\/div>\n<div class=\"ql-block\" data-block-id=\"block-cf60ffdd-d5ef-4fff-9bd5-59d692ca9f7a\"><strong>Chambers &amp; Partners 2025<\/strong><\/div>\n<\/blockquote>\n<div data-block-id=\"block-cf60ffdd-d5ef-4fff-9bd5-59d692ca9f7a\">\n<p>Particularmente, nuestro equipo asesora recurrentemente a sus clientes en relaci\u00f3n con las implicaciones fiscales derivadas en M\u00e9xico en materia de fusiones y adquisiciones, as\u00ed como de operaciones en los mercados de capitales, estructuraci\u00f3n de fondos de inversi\u00f3n y operaciones multinacionales.<\/p>\n<p>Los integrantes de nuestro equipo cuentan con amplia experiencia en la asesor\u00eda a nuestros clientes en materia de colocaci\u00f3n de instrumentos en el mercado burs\u00e1til mexicano. Espec\u00edficamente, han participado activamente en la asesor\u00eda para la colocaci\u00f3n de Certificados de Capital de Desarrollo (com\u00fanmente conocidos como CKDs), de Fideicomisos de Inversi\u00f3n  en Energ\u00eda e Infraestructura (Fibra E), as\u00ed como de Certificados Burs\u00e1tiles Indizados (com\u00fanmente conocidos como TRACs o ETFs).<\/p>\n<p>Tambi\u00e9n cuentan con amplia experiencia en la asesor\u00eda a fondos de pensiones y jubilaciones del extranjero, particularmente por cuanto se refiere a sus inversiones en el sector inmobiliario en nuestro pa\u00eds.<\/p>\n<blockquote><p><strong><em>\u201cThey handle the tax aspects of high-end transactions and projects, including M&amp;A and capital markets -particularly CKDs, ETFs and Fibra Es-, as well as day-to-day tax matters and those relating to the recent reforms in the Mexican energy sector.\u201d<\/em><\/strong><\/p>\n<p><strong>Legal 500, Tax Latin America, 2021<\/strong><\/p><\/blockquote>\n<\/div>","protected":false},"excerpt":{"rendered":"<p>Our team in the Tax Practice has a solid experience in providing advice to public and private companies in connection with federal taxation matters in Mexico, as well as in respect of a wide array of international taxation issues. \u201cNader Hayaux &amp; Goebel\u2019s team is responsive, knowledgeable and well aware of the fast pace of&#8230;<\/p>\n<div class=\" [&hellip;]\"><a href=\"https:\/\/www.nhg.mx\/es\/services\/tax\/\">Read More<\/a><\/div>\n","protected":false},"author":11,"featured_media":2443,"parent":2174,"menu_order":11,"comment_status":"closed","ping_status":"closed","template":"","meta":{"footnotes":""},"class_list":["post-2257","page","type-page","status-publish","has-post-thumbnail","hentry"],"acf":[],"_links":{"self":[{"href":"https:\/\/www.nhg.mx\/es\/wp-json\/wp\/v2\/pages\/2257","targetHints":{"allow":["GET"]}}],"collection":[{"href":"https:\/\/www.nhg.mx\/es\/wp-json\/wp\/v2\/pages"}],"about":[{"href":"https:\/\/www.nhg.mx\/es\/wp-json\/wp\/v2\/types\/page"}],"author":[{"embeddable":true,"href":"https:\/\/www.nhg.mx\/es\/wp-json\/wp\/v2\/users\/11"}],"replies":[{"embeddable":true,"href":"https:\/\/www.nhg.mx\/es\/wp-json\/wp\/v2\/comments?post=2257"}],"version-history":[{"count":14,"href":"https:\/\/www.nhg.mx\/es\/wp-json\/wp\/v2\/pages\/2257\/revisions"}],"predecessor-version":[{"id":18174,"href":"https:\/\/www.nhg.mx\/es\/wp-json\/wp\/v2\/pages\/2257\/revisions\/18174"}],"up":[{"embeddable":true,"href":"https:\/\/www.nhg.mx\/es\/wp-json\/wp\/v2\/pages\/2174"}],"wp:featuredmedia":[{"embeddable":true,"href":"https:\/\/www.nhg.mx\/es\/wp-json\/wp\/v2\/media\/2443"}],"wp:attachment":[{"href":"https:\/\/www.nhg.mx\/es\/wp-json\/wp\/v2\/media?parent=2257"}],"curies":[{"name":"wp","href":"https:\/\/api.w.org\/{rel}","templated":true}]}}