{"id":2302,"date":"2017-11-07T16:57:21","date_gmt":"2017-11-07T22:57:21","guid":{"rendered":"http:\/\/nhg.mx\/?page_id=2302"},"modified":"2021-02-08T21:13:33","modified_gmt":"2021-02-09T03:13:33","slug":"telecoms","status":"publish","type":"page","link":"https:\/\/www.nhg.mx\/es\/services\/telecoms\/","title":{"rendered":"Telecomunicaciones"},"content":{"rendered":"<div class=\"wpb-content-wrapper\"><div class=\"vc_row wpb_row vc_row-fluid\"><div class=\"wpb_column vc_column_container vc_col-sm-12\"><div class=\"vc_column-inner\"><div class=\"wpb_wrapper\">\n\t<div class=\"wpb_text_column wpb_content_element\" >\n\t\t<div class=\"wpb_wrapper\">\n\t\t\t<p>Nuestra pr\u00e1ctica de Telecomunicaciones maneja una amplia gama de operaciones corporativas y financieras en el sector de telecomunicaciones, as\u00ed como temas regulatorios relacionados con los sectores de telecomunicaciones, telefon\u00eda, televisi\u00f3n, internet, satelital y de radiodifusi\u00f3n.<\/p>\n<p>Nuestro Despacho ha manejado algunas de las operaciones m\u00e1s grandes y sofisticadas del sector, como la desinversi\u00f3n de las subsidiarias mexicanas de  Grupo Atento por Telef\u00f3nica S.A que forma parte de un acuerdo por USD$1.34 mil millones de d\u00f3lares y la alianza estrat\u00e9gica realizada entre Televisa y Grupo Salinas en Iusacell, y la posterior venta de Iusacell a AT&amp;T por USD$2.5 mil millones.<\/p>\n<blockquote class=\"floated\"><p>\n<strong>Our clients consider that NHG\u2019s Telecoms Practice Group\u2019s service is &#8220;<em>best known for its robust experience covering regulatory matters and corporate and finance transactions, across the telecommunications and broadcasting sectors, including satellite and fintech.&#8221;<\/em><\/strong><\/p>\n<p><strong>Legal 500 TMT Latin America, 2021<\/strong>\n<\/p><\/blockquote>\n<p>El Despacho ha representado a los principales actores del sector como Grupo Salinas, junto con ciertas subsidiarias claves, incluyendo a la tercera empresa m\u00e1s grande de telecomunicaciones y telefon\u00eda celular en nuestro pa\u00eds, Grupo Iusacell y la segunda m\u00e1s grande en medios de comunicaci\u00f3n masivos en M\u00e9xico, TV Azteca.<\/p>\n<p>El Despacho tambi\u00e9n representa a la segunda compa\u00f1\u00eda m\u00e1s grande de telefon\u00eda celular en M\u00e9xico, Telef\u00f3nica Movistar M\u00e9xico, as\u00ed como a Eutelsat (Sat\u00e9lites Mexicanos o Satmex), el operador satelital m\u00e1s grande de M\u00e9xico.<\/p>\n<p>Nuestra pr\u00e1ctica de telecomunicaciones est\u00e1 encabezada por tres socios con gran participaci\u00f3n en los sectores de telecomunicaciones y los cuales, se encuentran muy activos en asuntos corporativos, financieros y regulatorios en dichos sectores.<\/p>\n<p>. <\/p>\n\n\t\t<\/div>\n\t<\/div>\n<\/div><\/div><\/div><\/div><div class=\"vc_row wpb_row vc_row-fluid\"><div class=\"wpb_column vc_column_container vc_col-sm-12\"><div class=\"vc_column-inner\"><div class=\"wpb_wrapper\"><h3 style=\"text-align: left\" class=\"vc_custom_heading vc_do_custom_heading page-title\" >Experiencia Relevante<\/h3>\n<div class=\"vc_grid-container-wrapper vc_clearfix vc_grid-animation-zoomIn\">\n\t<div class=\"vc_grid-container vc_clearfix wpb_content_element vc_masonry_grid\" data-initial-loading-animation=\"zoomIn\" data-vc-grid-settings=\"{&quot;page_id&quot;:2302,&quot;style&quot;:&quot;all-masonry&quot;,&quot;action&quot;:&quot;vc_get_vc_grid_data&quot;,&quot;shortcode_id&quot;:&quot;1526320606303-25476a92-4426-10&quot;,&quot;tag&quot;:&quot;vc_masonry_grid&quot;}\" data-vc-request=\"https:\/\/www.nhg.mx\/wp-admin\/admin-ajax.php\" data-vc-post-id=\"2302\" data-vc-public-nonce=\"a7741edf18\">\n\t\t\n\t<\/div>\n<\/div><\/div><\/div><\/div><\/div>\n<\/div>","protected":false},"excerpt":{"rendered":"Our Telecoms Practice Group handles a wide range of corporate and finance transactions in the telecom sector, as well as complex related regulatory matters in the telecommunications, telephony, media, internet, satellite and broadcasting sectors. Our Firm has handled some of the largest and most sophisticated transactions in the sector, such as the divestment of the...<div class=\" [...]\"><a href=\"https:\/\/www.nhg.mx\/es\/services\/telecoms\/\">Read More<\/a><\/div>","protected":false},"author":11,"featured_media":2507,"parent":2174,"menu_order":12,"comment_status":"closed","ping_status":"closed","template":"","meta":{"footnotes":""},"class_list":["post-2302","page","type-page","status-publish","has-post-thumbnail","hentry"],"acf":[],"_links":{"self":[{"href":"https:\/\/www.nhg.mx\/es\/wp-json\/wp\/v2\/pages\/2302","targetHints":{"allow":["GET"]}}],"collection":[{"href":"https:\/\/www.nhg.mx\/es\/wp-json\/wp\/v2\/pages"}],"about":[{"href":"https:\/\/www.nhg.mx\/es\/wp-json\/wp\/v2\/types\/page"}],"author":[{"embeddable":true,"href":"https:\/\/www.nhg.mx\/es\/wp-json\/wp\/v2\/users\/11"}],"replies":[{"embeddable":true,"href":"https:\/\/www.nhg.mx\/es\/wp-json\/wp\/v2\/comments?post=2302"}],"version-history":[{"count":0,"href":"https:\/\/www.nhg.mx\/es\/wp-json\/wp\/v2\/pages\/2302\/revisions"}],"up":[{"embeddable":true,"href":"https:\/\/www.nhg.mx\/es\/wp-json\/wp\/v2\/pages\/2174"}],"wp:featuredmedia":[{"embeddable":true,"href":"https:\/\/www.nhg.mx\/es\/wp-json\/wp\/v2\/media\/2507"}],"wp:attachment":[{"href":"https:\/\/www.nhg.mx\/es\/wp-json\/wp\/v2\/media?parent=2302"}],"curies":[{"name":"wp","href":"https:\/\/api.w.org\/{rel}","templated":true}]}}