{"id":3290,"date":"2017-02-19T15:52:30","date_gmt":"2017-02-19T21:52:30","guid":{"rendered":"https:\/\/www.nhg.mx\/?page_id=3290"},"modified":"2022-05-18T14:12:09","modified_gmt":"2022-05-18T20:12:09","slug":"join-us","status":"publish","type":"page","link":"https:\/\/www.nhg.mx\/es\/about-us\/join-us\/","title":{"rendered":"\u00danete a nuestro equipo"},"content":{"rendered":"<div class=\"wpb-content-wrapper\"><div class=\"vc_row wpb_row vc_row-fluid\"><div class=\"wpb_column vc_column_container vc_col-sm-6\"><div class=\"vc_column-inner\"><div class=\"wpb_wrapper\"><div class=\"vc_empty_space\"   style=\"height: 32px\"><span class=\"vc_empty_space_inner\"><\/span><\/div>\n\t<div  class=\"wpb_single_image wpb_content_element vc_align_center wpb_content_element\">\n\t\t\n\t\t<figure class=\"wpb_wrapper vc_figure\">\n\t\t\t<div class=\"vc_single_image-wrapper   vc_box_border_grey\"><img loading=\"lazy\" decoding=\"async\" width=\"640\" height=\"329\" src=\"https:\/\/www.nhg.mx\/wp-content\/uploads\/2017\/02\/DJI_0023-1024x526.jpg\" class=\"vc_single_image-img attachment-large\" alt=\"\" title=\"DJI_0023\" srcset=\"https:\/\/www.nhg.mx\/wp-content\/uploads\/2017\/02\/DJI_0023-1024x526.jpg 1024w, https:\/\/www.nhg.mx\/wp-content\/uploads\/2017\/02\/DJI_0023-300x154.jpg 300w, https:\/\/www.nhg.mx\/wp-content\/uploads\/2017\/02\/DJI_0023-768x395.jpg 768w, https:\/\/www.nhg.mx\/wp-content\/uploads\/2017\/02\/DJI_0023-500x257.jpg 500w, https:\/\/www.nhg.mx\/wp-content\/uploads\/2017\/02\/DJI_0023.jpg 1261w\" sizes=\"auto, (max-width: 640px) 100vw, 640px\" \/><\/div>\n\t\t<\/figure>\n\t<\/div>\n<\/div><\/div><\/div><div class=\"wpb_column vc_column_container vc_col-sm-6\"><div class=\"vc_column-inner\"><div class=\"wpb_wrapper\">\n\t<div class=\"wpb_text_column wpb_content_element\" >\n\t\t<div class=\"wpb_wrapper\">\n\t\t\t<h3>Queremos tu talento<\/h3>\n<p>Buscamos constantemente el mejor talento para integrarse a nuestro equipo y ser parte de una de las firmas legales l\u00edderes en M\u00e9xico. Si est\u00e1s interesado, ingresa tus datos en el siguiente formulario.<\/p>\n\n\t\t<\/div>\n\t<\/div>\n<\/div><\/div><\/div><\/div><div class=\"vc_row wpb_row vc_row-fluid\"><div class=\"wpb_column vc_column_container vc_col-sm-12\" id=\"test\"><div class=\"vc_column-inner\"><div class=\"wpb_wrapper\">\n\t<div class=\"wpb_raw_code wpb_raw_html wpb_content_element\" >\n\t\t<div class=\"wpb_wrapper\">\n\t\t\t<iframe height='670px' width='106%' frameborder='0' allowtransparency='true' scrolling='auto' src='https:\/\/creatorapp.zohopublic.com\/legal_bd\/nhg-recruit\/form-embed\/form_candidato\/0tEWvqbb16YVQAATxhZCtQvP3A0J83j84jFXwpRwuX63q2TEHUsG1svC0pxB1xjZHy2xWnfDxmQvK0hrHd3rnYXY7USXt4vt5SVb'><\/iframe>\n\t\t<\/div>\n\t<\/div>\n<\/div><\/div><\/div><\/div>\n<\/div>","protected":false},"excerpt":{"rendered":"Opportunity calling We are constantly looking out for great talent to join our ranks, and become part of one the leading law firms in Mexico. If you are interested in applying for a position, please fill in the contact form below.","protected":false},"author":11,"featured_media":2405,"parent":383,"menu_order":1,"comment_status":"closed","ping_status":"closed","template":"","meta":{"footnotes":""},"class_list":["post-3290","page","type-page","status-publish","has-post-thumbnail","hentry"],"acf":[],"_links":{"self":[{"href":"https:\/\/www.nhg.mx\/es\/wp-json\/wp\/v2\/pages\/3290","targetHints":{"allow":["GET"]}}],"collection":[{"href":"https:\/\/www.nhg.mx\/es\/wp-json\/wp\/v2\/pages"}],"about":[{"href":"https:\/\/www.nhg.mx\/es\/wp-json\/wp\/v2\/types\/page"}],"author":[{"embeddable":true,"href":"https:\/\/www.nhg.mx\/es\/wp-json\/wp\/v2\/users\/11"}],"replies":[{"embeddable":true,"href":"https:\/\/www.nhg.mx\/es\/wp-json\/wp\/v2\/comments?post=3290"}],"version-history":[{"count":0,"href":"https:\/\/www.nhg.mx\/es\/wp-json\/wp\/v2\/pages\/3290\/revisions"}],"up":[{"embeddable":true,"href":"https:\/\/www.nhg.mx\/es\/wp-json\/wp\/v2\/pages\/383"}],"wp:featuredmedia":[{"embeddable":true,"href":"https:\/\/www.nhg.mx\/es\/wp-json\/wp\/v2\/media\/2405"}],"wp:attachment":[{"href":"https:\/\/www.nhg.mx\/es\/wp-json\/wp\/v2\/media?parent=3290"}],"curies":[{"name":"wp","href":"https:\/\/api.w.org\/{rel}","templated":true}]}}