{"id":4548,"date":"2021-02-08T15:50:00","date_gmt":"2021-02-08T21:50:00","guid":{"rendered":"https:\/\/www.nhg.mx\/?page_id=4548"},"modified":"2025-08-01T12:29:49","modified_gmt":"2025-08-01T18:29:49","slug":"fintech","status":"publish","type":"page","link":"https:\/\/www.nhg.mx\/es\/services\/fintech\/","title":{"rendered":"Fintech"},"content":{"rendered":"<p>Nuestra pr\u00e1ctica Fintech est\u00e1 compuesta por un equipo de abogados especialistas en distintas \u00e1reas tales como regulatoria financiera y nuevas tecnolog\u00edas. Nuestros clientes se benefician por la amplia experiencia de nuestro equipo en el sector bancario y financiero, regulatorio, burs\u00e1til y de seguros y reaseguros, contando adem\u00e1s con el apoyo de otras \u00e1reas complementarias del Despacho, incluyendo fiscal, competencia econ\u00f3mica, cumplimiento, fusiones y adquisiciones y telecomunicaciones. Los abogados de nuestra pr\u00e1ctica de Fintech est\u00e1n ubicados en la Ciudad de M\u00e9xico y Londres, lo que nos permite ofrecer a nuestros clientes nacionales e internacionales la flexibilidad y la eficiencia que requieren para sus operaciones. Nuestra presencia en Londres nos coloca en una posici\u00f3n \u00fanica para acceder a los \u00faltimos desarrollos de la industria Fintech<\/p>\n<blockquote>\n<div class=\"ql-block\" data-block-id=\"block-83809929-86ee-4b55-8ed7-d16d03f34d13\">&#8220;Nader Hayaux &amp; Goebel has a team which is efficient and can manage sophisticated and complex matters for international companies. The lawyers&#8217; responsiveness and solutions are excellent. &#8220;<\/div>\n<div class=\"ql-block\" data-block-id=\"block-be2f29aa-1ee2-445f-b89b-0779c4f3cf9f\"><strong>Chambers &amp; Partners 2025<\/strong><\/div>\n<\/blockquote>\n<p>Nuestra pr\u00e1ctica Fintech asesora a instituciones financieras transnacionales, incluyendo instituciones bancarias, instituciones fintech, instituciones de seguros y casas de bolsa, as\u00ed como a PYMES, startups y emprendedores.\nLa\u00a0Ley\u00a0para Regular a las Instituciones de Tecnolog\u00eda Financiera\u00a0(\"Ley Fintech\") entr\u00f3 en vigor el 10 de marzo de 2018 y la mayor\u00eda de su regulaci\u00f3n secundaria ha entrado en vigor. La Ley Fintech es un hito para el desarrollo de la industria de la tecnolog\u00eda financiera en M\u00e9xico. La pr\u00e1ctica de Fintech de NHG asesora activamente a nuestros clientes sobre las implicaciones y el impacto que la nueva legislaci\u00f3n y regulaci\u00f3n tiene sobre sus negocios, y los nuevos modelos que pueden implementarse bajo el marco de la Ley Fintech.<b>\u201c<\/b><b>Fintech<\/b><b> Law\u201d<\/b>) was enacted in Mexico on March 10, 2018 and most of the implementing regulation has already become effective. The Fintech Law is a milestone for the development of the Fintech industry in Mexico. Our Fintech Practice Group has been actively advising our clients on the impact and implication that the new legislation and regulation has on their businesses, and the new business models that may be implemented under the new legal framework.<\/p>\n<p>La incomparable experiencia y especializaci\u00f3n de nuestro equipo en asuntos legales corporativos y financieros, nos permite actuar r\u00e1pidamente y adaptarnos a las necesidades de nuestros clientes sin comprometer la calidad de nuestros servicios legales, la \u00e9tica y la capacidad de respuesta de nuestros abogados. Nuestra pr\u00e1ctica de Fintech cuenta con una s\u00f3lida reputaci\u00f3n por su profundo conocimiento, an\u00e1lisis, creatividad y afinidad con la comercializaci\u00f3n de productos y el manejo de estructuras complejas e innovadoras.<\/p>\n<p>Hemos desarrollado tambi\u00e9n una relaci\u00f3n profesional y constructiva con las autoridades, incluyendo el Banco de M\u00e9xico, lo que nos permite mantener comunicaciones productivas en beneficio de nuestros clientes.<\/p>","protected":false},"excerpt":{"rendered":"<p>Our Fintech Practice Group is composed by a team of attorneys from different practice areas with shared expertise in regulatory financial and financial technology. Our clients benefit from our Group\u2019s vast expertise in banking and finance, regulatory, capital markets and insurance and reinsurance, along with the support of other practices of the Firm, including tax,&#8230;<\/p>\n<div class=\" [&hellip;]\"><a href=\"https:\/\/www.nhg.mx\/es\/services\/fintech\/\">Read More<\/a><\/div>\n","protected":false},"author":11,"featured_media":3261,"parent":2174,"menu_order":7,"comment_status":"closed","ping_status":"closed","template":"","meta":{"footnotes":""},"class_list":["post-4548","page","type-page","status-publish","has-post-thumbnail","hentry"],"acf":[],"_links":{"self":[{"href":"https:\/\/www.nhg.mx\/es\/wp-json\/wp\/v2\/pages\/4548","targetHints":{"allow":["GET"]}}],"collection":[{"href":"https:\/\/www.nhg.mx\/es\/wp-json\/wp\/v2\/pages"}],"about":[{"href":"https:\/\/www.nhg.mx\/es\/wp-json\/wp\/v2\/types\/page"}],"author":[{"embeddable":true,"href":"https:\/\/www.nhg.mx\/es\/wp-json\/wp\/v2\/users\/11"}],"replies":[{"embeddable":true,"href":"https:\/\/www.nhg.mx\/es\/wp-json\/wp\/v2\/comments?post=4548"}],"version-history":[{"count":2,"href":"https:\/\/www.nhg.mx\/es\/wp-json\/wp\/v2\/pages\/4548\/revisions"}],"predecessor-version":[{"id":18178,"href":"https:\/\/www.nhg.mx\/es\/wp-json\/wp\/v2\/pages\/4548\/revisions\/18178"}],"up":[{"embeddable":true,"href":"https:\/\/www.nhg.mx\/es\/wp-json\/wp\/v2\/pages\/2174"}],"wp:featuredmedia":[{"embeddable":true,"href":"https:\/\/www.nhg.mx\/es\/wp-json\/wp\/v2\/media\/3261"}],"wp:attachment":[{"href":"https:\/\/www.nhg.mx\/es\/wp-json\/wp\/v2\/media?parent=4548"}],"curies":[{"name":"wp","href":"https:\/\/api.w.org\/{rel}","templated":true}]}}