{"id":610,"date":"2017-02-18T20:20:26","date_gmt":"2017-02-18T20:20:26","guid":{"rendered":"http:\/\/law.pinsupreme.com\/?page_id=610"},"modified":"2017-11-06T18:46:29","modified_gmt":"2017-11-06T18:46:29","slug":"privacy-policy","status":"publish","type":"page","link":"https:\/\/www.nhg.mx\/es\/privacy-policy\/","title":{"rendered":"Pol\u00edtica de privacidad"},"content":{"rendered":"<div id=\"u5000-4\" class=\"clearfix colelem\">\n<p id=\"u5000-2\"><strong>1.Identidad y domicilio del Responsable<\/strong><\/p>\n<\/div>\n<div id=\"pu4999-120\" class=\"clearfix colelem\">\n<div id=\"u4999-120\" class=\"clearfix grpelem\">\n<p id=\"u4999-5\"><span class=\"textos-abogados\">Nader, Hayaux y Goebel, S.C., con domicilio en Paseo de los Tamarindos 400-B, 7\u00b0 Piso, Col. Bosques de las Lomas, Cuajimalpa de Morelos C.P. 05120, M\u00e9xico, D.F., M\u00e9xico (en adelante \u201cNHG\u201d) en su car\u00e1cter de Responsable del tratamiento de datos personales, pone a su disposici\u00f3n el presente Aviso de Privacidad en cumplimiento a lo dispuesto en la Ley Federal de Datos Personales en Posesi\u00f3n de los Particulares (la \u201cLey\u201d), su Reglamento y los Lineamientos del Aviso de Privacidad. NHG es un despacho de abogados l\u00edder en materia de fusiones y adquisiciones, derecho bancario y financiero, mercados de deuda y capital, financiamiento estructurado, seguros y reaseguro, financiamiento de proyectos, inmobiliario, energ\u00eda e infraestructura, concursos mercantiles y quiebras, contrataci\u00f3n con entidades gubernamentales y competencia econ\u00f3mica. En gran medida, nuestros clientes son personas morales. Sin embargo, NHG podr\u00e1 recabar sus datos personales a trav\u00e9s de nuestros clientes en virtud de que usted es accionista, empleado, funcionario, representante legal y\/o miembro del consejo de administraci\u00f3n de una compa\u00f1\u00eda que es nuestro cliente y requiramos conocer de dichos datos para prestar nuestros servicios y\/o presentar cierta informaci\u00f3n y documentaci\u00f3n ante las autoridades.<\/span><\/p>\n<p id=\"u4999-9\"><strong><span id=\"u4999-8\" class=\"subt-tulos-aviso\">2. Datos Personales NHG podr\u00e1 recabar los siguientes datos personales:<\/span><\/strong><\/p>\n<p id=\"u4999-11\"><em><span class=\"textos-abogados\">a. Datos de identificaci\u00f3n:<\/span><\/em><\/p>\n<p id=\"u4999-14\"><span class=\"textos-abogados\">nombre, domicilio particular, fecha de nacimiento, nacionalidad, CURP, RFC, N\u00famero de Seguridad Social, n\u00famero de tel\u00e9fono, fijo o m\u00f3vil, fax, correo electr\u00f3nico, acta de nacimiento, en su caso, acta de matrimonio, copia de identificaci\u00f3n oficial y copia de comprobante de domicilio. Asimismo, trat\u00e1ndose de empleados de NHG, es posible que requiramos informaci\u00f3n de terceros relacionados con usted, como el nombre y datos de contacto de sus descendientes, dependientes y cualquier otra persona que pueda ser asegurada bajo los contratos de seguro que ofrece NHG a sus empleados como prestaci\u00f3n, para lo cual manifiesta contar con la autorizaci\u00f3n de dichas personas para proporcionar dichos datos.<\/span><\/p>\n<p id=\"u4999-17\"><em><span class=\"textos-abogados\">b. Formaci\u00f3n acad\u00e9mica:<\/span><\/em><\/p>\n<p id=\"u4999-20\"><span class=\"textos-abogados\">trayectoria educativa, t\u00edtulo, n\u00famero de c\u00e9dula profesional, especialidad, certificados.<\/span><\/p>\n<p id=\"u4999-23\"><em><span class=\"textos-abogados\">c. Datos laborales:<\/span><\/em><\/p>\n<p id=\"u4999-26\"><span class=\"textos-abogados\">experiencia, puesto, domicilio, correo electr\u00f3nico, n\u00famero de tel\u00e9fono, fijo o m\u00f3vil y fax.<\/span><\/p>\n<p id=\"u4999-29\"><em><span class=\"textos-abogados\">d. Datos de facturaci\u00f3n:<\/span><\/em><\/p>\n<p id=\"u4999-32\"><span class=\"textos-abogados\">entidad a la que se har\u00e1 el cargo, domicilio fiscal, RFC.<\/span><\/p>\n<p id=\"u4999-35\"><em><span class=\"textos-abogados\">e. Datos financieros:<\/span><\/em><\/p>\n<p id=\"u4999-38\"><span class=\"textos-abogados\">informaci\u00f3n de cuentas bancarias, forma de pago, bur\u00f3 de cr\u00e9dito.<\/span><\/p>\n<p id=\"u4999-42\"><span class=\"textos-abogados\">NHG no recabar\u00e1 datos personales sensibles.<\/span><\/p>\n<p id=\"u4999-45\"><strong><span id=\"u4999-44\" class=\"subt-tulos-aviso\">3. Finalidades primarias del Tratamiento de Datos<\/span><\/strong><\/p>\n<p id=\"u4999-47\"><em><span class=\"textos-abogados\">a. Clientes<\/span><\/em><\/p>\n<p id=\"u4999-50\"><span class=\"textos-abogados\">Sus datos personales podr\u00e1n ser utilizados para todos los fines vinculados con la prestaci\u00f3n de nuestros servicios legales y, en su caso, la presentaci\u00f3n de la informaci\u00f3n requerida por las leyes y autoridades mexicanas. Los datos personales que se obtengan por motivo de una relaci\u00f3n jur\u00eddica, cuyo tratamiento sea necesario para cumplir con obligaciones derivadas de dicha relaci\u00f3n, ser\u00e1n utilizados \u00fanicamente para prestarle los servicios legales solicitados, hacerle llegar comunicaciones en relaci\u00f3n con el asunto tratado, llevar a cabo la facturaci\u00f3n, contratar los servicios o productos que ofrece, hacerle llegar los pagos por estos servicios, formalizar en contratos u otros documentos la relaci\u00f3n que se genere con usted. Trat\u00e1ndose de datos personales en su car\u00e1cter de empleado, funcionario, representante legal y\/o miembro del consejo de administraci\u00f3n de una compa\u00f1\u00eda que es nuestro cliente, su informaci\u00f3n podr\u00e1 ser utilizada para la presentaci\u00f3n de informaci\u00f3n y documentaci\u00f3n requerida por las leyes y autoridades mexicanas.<\/span><\/p>\n<p id=\"u4999-53\"><em><span class=\"textos-abogados\">b. Recursos Humanos (Candidatos y empleados).<\/span><\/em><\/p>\n<p id=\"u4999-56\"><span class=\"textos-abogados\">Trat\u00e1ndose de empleados de NHG, los datos personales que nos proporcione ser\u00e1n utilizados para todos los fines vinculados con la capacitaci\u00f3n, desarrollo, pagos de prestaciones laborales, relaci\u00f3n laboral y cumplimiento de obligaciones fiscales. Trat\u00e1ndose de candidatos, los datos personales que nos proporcione directamente o a trav\u00e9s de un tercero al enviar su curriculum vitae ser\u00e1n utilizados para contactarlo en caso de que su perfil resulte de inter\u00e9s para la firma y en su caso, iniciar el proceso de selecci\u00f3n y reclutamiento.<\/span><\/p>\n<p id=\"u4999-59\"><em><span class=\"textos-abogados\">c. Proveedores o prestadores de bienes y\/o servicios<\/span><\/em><\/p>\n<p id=\"u4999-62\"><span class=\"textos-abogados\">Para todos los fines vinculados con la relaci\u00f3n contractual que tengamos con usted.<\/span><\/p>\n<p id=\"u4999-66\"><strong><span id=\"u4999-65\" class=\"subt-tulos-aviso\">4. Finalidades secundarias del Tratamiento de Datos<\/span><\/strong><\/p>\n<p id=\"u4999-68\"><span class=\"textos-abogados\">Sus datos de contacto b\u00e1sicos (nombre, domicilio, correo electr\u00f3nico, tel\u00e9fono y fax) podr\u00e1n ser tratados por NHG para fines mercadot\u00e9cnicos, publicitarios o de prospecci\u00f3n comercial y para enviarle informaci\u00f3n de inter\u00e9s o nuestro bolet\u00edn informativo. Cabe mencionar que los datos de personas f\u00edsicas que prestan sus servicios para alguna persona moral consistentes en su nombre y apellidos, las funciones o puestos desempe\u00f1ados as\u00ed como los siguientes datos laborales (domicilio, correo electr\u00f3nico, tel\u00e9fono y n\u00famero de fax) que sean tratados para fines de representaci\u00f3n del empleador o contratista, se encuentran excluidos del alcance del presente Aviso de Privacidad, de conformidad con lo dispuesto en el Reglamento de la Ley.<\/span><\/p>\n<p id=\"u4999-72\"><strong><span id=\"u4999-71\" class=\"subt-tulos-aviso\">5.Transferencias de datos personales<\/span><\/strong><\/p>\n<p id=\"u4999-74\"><span class=\"textos-abogados\">NHG no transferir\u00e1 sus datos personales a terceros ajenos a NHG sin su consentimiento previo, salvo en los siguientes casos:<\/span><\/p>\n<p id=\"u4999-77\"><span class=\"textos-abogados\">a. Autoridades incluso financieras y fiscales, mexicanas y extranjeras, con la finalidad de dar cumplimiento a nuestras obligaciones como prestadores de servicios y las derivadas de leyes as\u00ed como para el cumplimiento de notificaciones o requerimientos oficiales.<\/span><\/p>\n<p id=\"u4999-80\"><span class=\"textos-abogados\">b. Autoridades judiciales, mexicanas y extranjeras, con la finalidad de dar cumplimiento a notificaciones, requerimientos u oficios de car\u00e1cter judicial.<\/span><\/p>\n<p id=\"u4999-83\"><span class=\"textos-abogados\">c. Trat\u00e1ndose de empleados de NHG, a la instituci\u00f3n de seguros con la que se tiene contratado el seguro de vida y de gastos m\u00e9dicos, as\u00ed como a cualesquiera otras autoridades que se requiera derivado de la relaci\u00f3n laboral.<\/span><\/p>\n<p id=\"u4999-87\"><strong><span id=\"u4999-86\" class=\"subt-tulos-aviso\">6. Medidas de Seguridad<\/span><\/strong><\/p>\n<p id=\"u4999-89\"><span class=\"textos-abogados\">Para evitar el acceso no autorizado a sus datos personales y con el fin de asegurar que la informaci\u00f3n sea utilizada para los fines establecidos en este Aviso de Privacidad, hemos establecido procedimientos f\u00edsicos, electr\u00f3nicos y administrativos que limitan el uso o divulgaci\u00f3n de sus datos, permiti\u00e9ndonos tratarlos debidamente. Asimismo, puede tener la confianza que sus datos personales ser\u00e1n tratados exclusivamente por aquellas personas que realicen actividades que requieran del conocimiento de dichos datos.<\/span><\/p>\n<p id=\"u4999-93\"><strong><span id=\"u4999-92\" class=\"subt-tulos-aviso\">7. Derechos ARCO<\/span><\/strong><\/p>\n<p id=\"u4999-95\"><span class=\"textos-abogados\">Usted tiene en todo momento el derecho de acceder, rectificar, cancelar u oponerse al tratamiento que le damos a sus datos personales (los \u201cDerechos ARCO\u201d), as\u00ed como revocar el consentimiento otorgado para el tratamiento de los mismos; derecho que podr\u00e1 hacer valer a trav\u00e9s de la Unidad Especial de Protecci\u00f3n de Datos Personales de NHG, cuyos datos aparecen m\u00e1s adelante. Es importante que si bien el ejercicio de sus Derechos ARCO es gratuito, NHG podr\u00e1 cobrarle los gastos justificados de env\u00edo y los costos de reproducci\u00f3n. Dicha solicitud deber\u00e1 contener por lo menos su nombre, domicilio completo u otro medio para comunicarle la respuesta a su solicitud, documentos que acrediten su identidad y especificando en forma clara y precisa los datos personales de los que solicita su acceso, rectificaci\u00f3n, actualizaci\u00f3n o cancelaci\u00f3n, los elementos o documentos en donde pueden obrar los datos personales e indicando las razones por las cuales desea acceder a sus datos personales, o las razones por las que considera que sus datos deben ser actualizados, rectificados o cancelados. Asimismo, le pedimos considerar que es posible que NHG no pueda cancelar o bloquear la totalidad de sus datos personales de conformidad con las leyes que le sean aplicables. NHG le comunicar\u00e1 en un plazo m\u00e1ximo de 20 d\u00edas contados a partir de la fecha en que reciba la solicitud de acceso, rectificaci\u00f3n, cancelaci\u00f3n u oposici\u00f3n, la determinaci\u00f3n adoptada, a efecto de que, en caso de resultar procedente, se haga efectiva dentro de los 15 d\u00edas siguientes a la fecha en que sea comunicada la respuesta. Asimismo, le informamos que usted puede iniciar el procedimiento de Protecci\u00f3n de Derechos ARCO, ante el Instituto Federal de Acceso a la Informaci\u00f3n y Protecci\u00f3n de Datos Personales (\u201cIFAI\u201d), dentro de los 15 d\u00edas siguientes a la fecha en que la responsable de respuesta a su solicitud y esta no le sea satisfactoria, o bien, si transcurrido el t\u00e9rmino se\u00f1alado, la responsable no diera respuesta a su solicitud.<\/span><\/p>\n<p id=\"u4999-99\"><strong><span id=\"u4999-98\" class=\"subt-tulos-aviso\">8. Revocaci\u00f3n del Consentimiento<\/span><\/strong><\/p>\n<p id=\"u4999-101\"><span class=\"textos-abogados\">En caso de que no desee que tratemos sus datos personales para la finalidad secundaria mencionada, puede indic\u00e1rnoslo verbalmente en cualquier momento o bien, enviarnos su solicitud por medio de un correo electr\u00f3nico, debiendo recibir una respuesta a su solicitud. En su caso, nosotros informaremos dicha revocaci\u00f3n a los terceros que, en su caso, tengan acceso a sus datos.<\/span><\/p>\n<p id=\"u4999-105\"><strong><span id=\"u4999-104\" class=\"subt-tulos-aviso\">9. Limitaci\u00f3n al Uso de sus<\/span><\/strong><\/p>\n<p id=\"u4999-107\"><span class=\"textos-abogados\">Datos Personales A fin de limitar el uso de sus datos personales, usted podr\u00e1 solicitar la inclusi\u00f3n de sus datos dentro de los listados de exclusi\u00f3n que lleve NHG para tal efecto, debiendo darle una constancia de su inscripci\u00f3n en el mismo.<\/span><\/p>\n<p id=\"u4999-111\"><strong><span id=\"u4999-110\" class=\"subt-tulos-aviso\">10. Unidad Especial de Protecci\u00f3n de Datos Personales<\/span><\/strong><\/p>\n<p id=\"u4999-113\"><span class=\"textos-abogados\">Para cualquier duda o aclaraci\u00f3n, as\u00ed como para el ejercicio de sus Derechos ARCO, favor de comunicarse a la Unidad Especial de Protecci\u00f3n de Datos Personales, al tel\u00e9fono 4170-3000 con los horarios de atenci\u00f3n de lunes a viernes de 9:00 a.m. a 2:00 p.m., por medio de su correo electr\u00f3nico: info@nhg.com.mx o bien en el domicilio de NHG indicado en el punto 1. anterior. Tambi\u00e9n, en caso de tener alguna inquietud, puede usted consultar al IFAI en www.ifai.mx.<\/span><\/p>\n<p id=\"u4999-118\"><span class=\"textos-abogados\">Tambi\u00e9n, en caso de tener alguna inquietud, puede usted consultar al IFAI en <a href=\"http:\/\/www.ifai.mx\">www.ifai.mx<\/a>.<\/span><\/p>\n<\/div>\n<\/div>","protected":false},"excerpt":{"rendered":"<p>1.Identidad y domicilio del Responsable Nader, Hayaux y Goebel, S.C., con domicilio en Paseo de los Tamarindos 400-B, 7\u00b0 Piso, Col. Bosques de las Lomas, Cuajimalpa de Morelos C.P. 05120, M\u00e9xico, D.F., M\u00e9xico (en adelante \u201cNHG\u201d) en su car\u00e1cter de Responsable del tratamiento de datos personales, pone a su disposici\u00f3n el presente Aviso de Privacidad&#8230;<\/p>\n<div class=\" [&hellip;]\"><a href=\"https:\/\/www.nhg.mx\/es\/privacy-policy\/\">Read More<\/a><\/div>\n","protected":false},"author":11,"featured_media":25,"parent":0,"menu_order":0,"comment_status":"closed","ping_status":"closed","template":"","meta":{"footnotes":""},"class_list":["post-610","page","type-page","status-publish","has-post-thumbnail","hentry"],"acf":[],"_links":{"self":[{"href":"https:\/\/www.nhg.mx\/es\/wp-json\/wp\/v2\/pages\/610","targetHints":{"allow":["GET"]}}],"collection":[{"href":"https:\/\/www.nhg.mx\/es\/wp-json\/wp\/v2\/pages"}],"about":[{"href":"https:\/\/www.nhg.mx\/es\/wp-json\/wp\/v2\/types\/page"}],"author":[{"embeddable":true,"href":"https:\/\/www.nhg.mx\/es\/wp-json\/wp\/v2\/users\/11"}],"replies":[{"embeddable":true,"href":"https:\/\/www.nhg.mx\/es\/wp-json\/wp\/v2\/comments?post=610"}],"version-history":[{"count":0,"href":"https:\/\/www.nhg.mx\/es\/wp-json\/wp\/v2\/pages\/610\/revisions"}],"wp:featuredmedia":[{"embeddable":true,"href":"https:\/\/www.nhg.mx\/es\/wp-json\/wp\/v2\/media\/25"}],"wp:attachment":[{"href":"https:\/\/www.nhg.mx\/es\/wp-json\/wp\/v2\/media?parent=610"}],"curies":[{"name":"wp","href":"https:\/\/api.w.org\/{rel}","templated":true}]}}